{"id":9949,"date":"2018-12-19T16:18:04","date_gmt":"2018-12-19T15:18:04","guid":{"rendered":"http:\/\/www.ciriec.uliege.be\/?page_id=9949"},"modified":"2022-12-19T15:59:27","modified_gmt":"2022-12-19T14:59:27","slug":"untfsse","status":"publish","type":"page","link":"https:\/\/www.ciriec.uliege.be\/en\/our-network\/recherches-partenariats\/untfsse\/","title":{"rendered":"UNTFSSE"},"content":{"rendered":"<h5 style=\"text-align: center;\"><strong><img loading=\"lazy\" class=\"size-medium wp-image-9946 aligncenter\" src=\"https:\/\/www.ciriec.uliege.be\/wp-content\/uploads\/2018\/12\/untfsse-300x41.jpg\" alt=\"\" width=\"300\" height=\"41\" srcset=\"https:\/\/www.ciriec.uliege.be\/wp-content\/uploads\/2018\/12\/untfsse-300x41.jpg 300w, https:\/\/www.ciriec.uliege.be\/wp-content\/uploads\/2018\/12\/untfsse-768x104.jpg 768w, https:\/\/www.ciriec.uliege.be\/wp-content\/uploads\/2018\/12\/untfsse-1024x138.jpg 1024w\" sizes=\"(max-width: 300px) 100vw, 300px\" \/><\/strong><\/h5>\n<h5 style=\"text-align: center;\"><a href=\"https:\/\/unsse.org\/\" target=\"_blank\" rel=\"noopener\"><strong>UN Inter-Agency Task Force on Social and Solidarity Economy (TFSSE)<\/strong><\/a><\/h5>\n<p>The UN Inter-Agency Task Force on Social and Solidarity Economy (TFSSE) aims to raise the visibility of debates about Social and Solidarity Economy (SSE) within the UN system and beyond. The\u00a0<a href=\"https:\/\/unsse.org\/about\/members\/\" target=\"_blank\" rel=\"noopener\">members<\/a> and <a href=\"https:\/\/unsse.org\/about\/observers\/\" target=\"_blank\" rel=\"noopener\">observers\u00a0<\/a>of the Task Force have committed to undertake collaborative activities to:<\/p>\n<ul>\n<li>enhance the recognition of the role of SSE enterprises and organizations in sustainable development;<\/li>\n<li>promote knowledge of SSE and consolidate SSE networks;<\/li>\n<li>support the establishment of an enabling institutional and policy environment for SSE;<\/li>\n<li>ensure coordination of international efforts, and create and strengthen partnerships.<\/li>\n<\/ul>\n<p>The work of the Task Force takes the form of\u00a0<a href=\"https:\/\/unsse.org\/activities\/\" target=\"_blank\" rel=\"noopener\">joint initiatives<\/a>\u00a0among members: producing reports and briefs, organizing events related to SSE in connection with relevant UN processes and conferences, and creating partnerships and dialogues with governmental and civil society entities.<\/p>\n<p><strong>CIRIEC<\/strong> is one of the <strong>observers<\/strong> of the\u00a0Task Force since October 2018. Others <a href=\"https:\/\/unsse.org\/about\/members\/\" target=\"_blank\" rel=\"noopener\">members<\/a> and <a href=\"https:\/\/unsse.org\/about\/observers\/\" target=\"_blank\" rel=\"noopener\">observers<\/a><\/p>\n<p>More info on\u00a0UN Inter-Agency Task Force on Social and Solidarity Economy (TFSSE) <a href=\"https:\/\/unsse.org\/\" target=\"_blank\" rel=\"noopener\">HERE<\/a><\/p>\n<p>Publication of UNTFSSE <a href=\"https:\/\/unsse.org\/other-publications\/\" target=\"_blank\" rel=\"noopener\">HERE<\/a><\/p>\n<hr \/>\n<p>Publications:<\/p>\n<ul>\n<li><strong>WORKING PAPERS:<\/strong><\/li>\n<\/ul>\n<ol>\n<li style=\"list-style-type: none;\">\n<ol>\n<li><a href=\"https:\/\/www.ciriec.uliege.be\/wp-content\/uploads\/2021\/09\/WP-2021-SSE-Stats-Bouchard-Salathe-Beaulieu.pdf\" target=\"_blank\" rel=\"noopener\"><em><strong>Producing Statistics on Social and Solidarity Economy:\u00a0The State of the Art<\/strong><\/em><\/a>\u00a0\/\u00a0Marie J. Bouchard,\u00a0Gabriel Salath\u00e9-Beaulieu,\u00a02021<\/li>\n<li><a href=\"https:\/\/www.ciriec.uliege.be\/wp-content\/uploads\/2021\/09\/WP-2021-SSE-Stats-Compere-et-at.pdf\" target=\"_blank\" rel=\"noopener\"><em><strong>Mapping International SSE Mapping Exercises<\/strong><\/em><\/a>\u00a0\/\u00a0Coline Comp\u00e8re,\u00a0Barbara Sak,\u00a0J\u00e9r\u00f4me Schoenmaeckers,\u00a02021<\/li>\n<li><strong><a href=\"https:\/\/www.ciriec.uliege.be\/wp-content\/uploads\/2021\/09\/WP-2021-SSE-Stats-Chaves-Avila.pdf\" target=\"_blank\" rel=\"noopener\"><em>Producing Statistics on Social and Solidarity Economy:\u00a0Policy Recommendations and Directions for Future Research<\/em><\/a>\u00a0\/\u00a0<\/strong>Rafael Chaves-Avila,\u00a02021<\/li>\n<\/ol>\n<\/li>\n<\/ol>\n<ul>\n<li><strong>ENCYCLOPEDIA OF THE SOCIAL AND SOLIDARITY ECONOMY<\/strong> &#8211; A Collective Work of the United Nations Inter-Agency Task Force on SSE (UNTFSSE)<br \/>\nEdited by Ilcheong Yi, United Nations Research Institute for Social Development (UNRISD), Switzerland, et al.<br \/>\nThe Encyclopedia is available on the UNTFSSE &#8211; <a href=\"https:\/\/knowledgehub.unsse.org\/\">Knowledge Hub<\/a>\u00a0 website &amp; <a href=\"https:\/\/www.e-elgar.com\/textbooks\/yi\/\">Edward Elgar Companion Website<\/a>. 57 entries, 15 written by CIRIEC members, are in free access:<\/p>\n<ol>\n<li><a href=\"https:\/\/www.e-elgar.com\/assets\/Companion-Pages\/Ilcheong-MS-for-companion-site\/Encylopedia-Knowledge_Hub_IY_1_EE.pdf\">Origins and histories of the social and solidarity economy<\/a><\/li>\n<li><a href=\"https:\/\/www.e-elgar.com\/assets\/Companion-Pages\/Ilcheong-MS-for-companion-site\/Encylopedia-Knowledge_Hub_IY_2EE.pdf\">Contemporary Understandings of the Social and Solidarity Economy<\/a><\/li>\n<li><a href=\"https:\/\/www.e-elgar.com\/assets\/Companion-Pages\/Ilcheong-MS-for-companion-site\/Encylopedia-Knowledge_Hub_IY_3-EE.pdf\">Postcolonial Theories and the Social and Solidarity Economy<\/a><\/li>\n<li><a href=\"https:\/\/www.e-elgar.com\/assets\/Companion-Pages\/Ilcheong-MS-for-companion-site\/Encylopedia-Knowledge_Hub_IY_4_EE.pdf\">Globalization, Alter-globalization and the Social and Solidarity Economy<\/a><\/li>\n<li><a href=\"https:\/\/www.e-elgar.com\/assets\/Companion-Pages\/Ilcheong-MS-for-companion-site\/Encylopedia-Knowledge_Hub_IY_5_EE.pdf\">Moral Economy, Human Economy, and the Social and Solidarity Economy<\/a><\/li>\n<li><a href=\"https:\/\/www.e-elgar.com\/assets\/Companion-Pages\/Ilcheong-MS-for-companion-site\/Encylopedia-Knowledge_Hub_IY_6_EE.pdf\">Feminist Economics and the Social and Solidarity Economy<\/a><\/li>\n<li><a href=\"https:\/\/www.e-elgar.com\/assets\/Companion-Pages\/Ilcheong-MS-for-companion-site\/Encylopedia-Knowledge_Hub_IY_7_EE.pdf\">Community Economics and the Social and Solidarity Economy<\/a><\/li>\n<li><a href=\"https:\/\/www.e-elgar.com\/assets\/Companion-Pages\/Ilcheong-MS-for-companion-site\/Encylopedia-Knowledge_Hub_IY_8-EE.pdf\">Ecological Economics and the Social and Solidarity Economy<\/a><\/li>\n<li><a href=\"https:\/\/www.e-elgar.com\/assets\/Companion-Pages\/Ilcheong-MS-for-companion-site\/Encylopedia-Knowledge_Hub_IY_9_EE.pdf\">The Commons and the Social and Solidarity Economy<\/a><\/li>\n<li><a href=\"https:\/\/www.e-elgar.com\/assets\/Companion-Pages\/Ilcheong-MS-for-companion-site\/Encylopedia-Knowledge_Hub_IY_10_EE.pdf\">The Black Social Economy and the Social and Solidarity Economy<\/a><\/li>\n<li><a href=\"https:\/\/www.e-elgar.com\/assets\/Companion-Pages\/Ilcheong-MS-for-companion-site\/Encylopedia-Knowledge_Hub_IY_11_EE.pdf\">Indigenous Economies and the Social and Solidarity Economy<\/a><\/li>\n<li><a href=\"https:\/\/www.e-elgar.com\/assets\/Companion-Pages\/Ilcheong-MS-for-companion-site\/Encylopedia-Knowledge_Hub_IY_12_EE.pdf\">Heterodox Economics and the Social and Solidarity Economy<\/a><\/li>\n<li><a href=\"https:\/\/www.e-elgar.com\/assets\/Companion-Pages\/Ilcheong-MS-for-companion-site\/Encylopedia-Knowledge_Hub_IY_13_EE.pdf\">Activism, Social Movements and the Social and Solidarity Economy<\/a><\/li>\n<li><a href=\"https:\/\/www.e-elgar.com\/assets\/Companion-Pages\/Ilcheong-MS-for-companion-site\/Encylopedia-Knowledge_Hub_IY_14_EE.pdf\">Cooperatives and Mutuals<\/a><\/li>\n<li><a href=\"https:\/\/www.e-elgar.com\/assets\/Companion-Pages\/Ilcheong-MS-for-companion-site\/Encylopedia-Knowledge_Hub_IY_15_EE.pdf\">Associations and Associationalism<\/a><\/li>\n<li><a href=\"https:\/\/www.e-elgar.com\/assets\/Companion-Pages\/Ilcheong-MS-for-companion-site\/Encylopedia-Knowledge_Hub_IY_16_EE-v2.pdf\">Non-Governmental Organizations and Foundations<\/a><\/li>\n<li><a href=\"https:\/\/www.e-elgar.com\/assets\/Companion-Pages\/Ilcheong-MS-for-companion-site\/Encylopedia-Knowledge_Hub_IY_17_EE.pdf\">Social Enterprises<\/a><\/li>\n<li><a href=\"https:\/\/www.e-elgar.com\/assets\/Companion-Pages\/Ilcheong-MS-for-companion-site\/Encylopedia-Knowledge_Hub_IY_18_EE-v2.pdf\">Women&#8217;s Self-Help Groups<\/a><\/li>\n<li><a href=\"https:\/\/www.e-elgar.com\/assets\/Companion-Pages\/Ilcheong-MS-for-companion-site\/Encylopedia-Knowledge_Hub_IY_19_EE.pdf\">Community-Based Organizations<\/a><\/li>\n<li><a href=\"https:\/\/www.e-elgar.com\/assets\/Companion-Pages\/Ilcheong-MS-for-companion-site\/Encylopedia-Knowledge_Hub_IY_20_EE.pdf\">African American Social and Solidarity Economy and Distributive Justice<\/a><\/li>\n<li><a href=\"https:\/\/www.e-elgar.com\/assets\/Companion-Pages\/Ilcheong-MS-for-companion-site\/21_LGBTQI+_Vincenza_Saoirse.docx\">LGBTQ+ Inclusion and the Social and Solidarity Economy<\/a><\/li>\n<li><a href=\"https:\/\/www.e-elgar.com\/assets\/Companion-Pages\/Ilcheong-MS-for-companion-site\/Encylopedia-Knowledge_Hub_IY_22_EE.pdf\">Youth and the Social and Solidarity Economy<\/a><\/li>\n<li><a href=\"https:\/\/www.e-elgar.com\/assets\/Companion-Pages\/Ilcheong-MS-for-companion-site\/Encylopedia-Knowledge_Hub_IY_23_EE.pdf\">Migrants, Refugees and the Social and Solidarity Economy<\/a><\/li>\n<li><a href=\"https:\/\/www.e-elgar.com\/assets\/Companion-Pages\/Ilcheong-MS-for-companion-site\/Encylopedia-Knowledge_Hub_IY_24_EE.pdf\">The Sustainable Development Goals and the Social and Solidarity Economy<\/a><\/li>\n<li><a href=\"https:\/\/www.e-elgar.com\/assets\/Companion-Pages\/Ilcheong-MS-for-companion-site\/Encylopedia-Knowledge_Hub_IY_25_EE.pdf\">Work Integration and Social Enterprises<\/a><\/li>\n<li><a href=\"https:\/\/www.e-elgar.com\/assets\/Companion-Pages\/Ilcheong-MS-for-companion-site\/Encylopedia-Knowledge_Hub_IY_26_EE.pdf\">Sustainable Investment, Production, Consumption and the Social and Solidarity Economy<\/a><\/li>\n<li><a href=\"https:\/\/www.e-elgar.com\/assets\/Companion-Pages\/Ilcheong-MS-for-companion-site\/Encylopedia-Knowledge_Hub_IY_27_EE.pdf\">Peace, Non-Violence, and the Social and Solidarity Economy<\/a><\/li>\n<li><a href=\"https:\/\/www.e-elgar.com\/assets\/Companion-Pages\/Ilcheong-MS-for-companion-site\/Encylopedia-Knowledge_Hub_28.pdf\">Reduction of Hunger and Poverty and the Social and Solidarity Economy<\/a><\/li>\n<li><a href=\"https:\/\/www.e-elgar.com\/assets\/Companion-Pages\/Ilcheong-MS-for-companion-site\/Encylopedia-Knowledge_Hub_29.pdf\">Reduction of Multi-dimensional Inequalities and the Social and Solidarity Economy<\/a><\/li>\n<li><a href=\"https:\/\/www.e-elgar.com\/assets\/Companion-Pages\/Ilcheong-MS-for-companion-site\/Encylopedia-Knowledge_Hub_30.pdf\">Care and Home Support Services and the Social and Solidarity Economy<\/a><\/li>\n<li><a href=\"https:\/\/www.e-elgar.com\/assets\/Companion-Pages\/Ilcheong-MS-for-companion-site\/Encylopedia-Knowledge_Hub_31.pdf\">Local Community Development and the Social and Solidarity Economy<\/a><\/li>\n<li><a href=\"https:\/\/www.e-elgar.com\/assets\/Companion-Pages\/Ilcheong-MS-for-companion-site\/Encylopedia-Knowledge_Hub_32.pdf\">Gender Equality and Empowerment in the Social and Solidarity Economy<\/a><\/li>\n<li><a href=\"https:\/\/www.e-elgar.com\/assets\/Companion-Pages\/Ilcheong-MS-for-companion-site\/Encylopedia-Knowledge_Hub_33.pdf\">The Food and Agriculture Sector and the Social and Solidarity Economy<\/a><\/li>\n<li><a href=\"https:\/\/www.e-elgar.com\/assets\/Companion-Pages\/Ilcheong-MS-for-companion-site\/Encylopedia-Knowledge_Hub_34.pdf\">The Finance Sector and the Social and Solidarity Economy<\/a><\/li>\n<li><a href=\"https:\/\/www.e-elgar.com\/assets\/Companion-Pages\/Ilcheong-MS-for-companion-site\/Encylopedia-Knowledge_Hub_35.pdf\">The Housing Sector and the Social and Solidarity Economy<\/a><\/li>\n<li><a href=\"https:\/\/www.e-elgar.com\/assets\/Companion-Pages\/Ilcheong-MS-for-companion-site\/Encylopedia-Knowledge_Hub_36.pdf\">Energy, Water and Waste Management Sectors and the Social and Solidarity Economy<\/a><\/li>\n<li><a href=\"https:\/\/www.e-elgar.com\/assets\/Companion-Pages\/Ilcheong-MS-for-companion-site\/Encylopedia-Knowledge_Hub_37.pdf\">Tourism Sector and the Social and Solidarity Economy<\/a><\/li>\n<li><a href=\"https:\/\/www.e-elgar.com\/assets\/Companion-Pages\/Ilcheong-MS-for-companion-site\/Encylopedia-Knowledge_Hub_38.pdf\">Social Services and the Social and Solidarity Economy<\/a><\/li>\n<li><a href=\"https:\/\/www.e-elgar.com\/assets\/Companion-Pages\/Ilcheong-MS-for-companion-site\/Encylopedia-Knowledge_Hub_39.pdf\">Information and Communication Technology (ICT) and the Social and Solidarity Economy<\/a><\/li>\n<li><a href=\"https:\/\/www.e-elgar.com\/assets\/Companion-Pages\/Ilcheong-MS-for-companion-site\/Encylopedia-Knowledge_Hub_40.pdf\">Culture, Sports and Leisure Sectors and the Social and Solidarity Economy<\/a><\/li>\n<li><a href=\"https:\/\/www.e-elgar.com\/assets\/Companion-Pages\/Ilcheong-MS-for-companion-site\/Encylopedia-Knowledge_Hub_41.pdf\">Education Sector and the Social and Solidarity Economy<\/a><\/li>\n<li><a href=\"https:\/\/www.e-elgar.com\/assets\/Companion-Pages\/Ilcheong-MS-for-companion-site\/Encylopedia-Knowledge_Hub_42.pdf\">Health and Care Sector and the Social and Solidarity Economy<\/a><\/li>\n<li><a href=\"https:\/\/www.e-elgar.com\/assets\/Companion-Pages\/Ilcheong-MS-for-companion-site\/Encylopedia-Knowledge_Hub_43.pdf\">The Institutional Ecosystem of the Social and Solidarity Economy<\/a><\/li>\n<li><a href=\"https:\/\/www.e-elgar.com\/assets\/Companion-Pages\/Ilcheong-MS-for-companion-site\/Encylopedia-Knowledge_Hub_44.pdf\">Public Policy and the Social and Solidarity Economy<\/a><\/li>\n<li><a href=\"https:\/\/www.e-elgar.com\/assets\/Companion-Pages\/Ilcheong-MS-for-companion-site\/Encylopedia-Knowledge_Hub_45.pdf\">Social Policy and the Social and Solidarity Economy<\/a><\/li>\n<li><a href=\"https:\/\/www.e-elgar.com\/assets\/Companion-Pages\/Ilcheong-MS-for-companion-site\/Encylopedia-Knowledge_Hub_46.pdf\">Social and Solidarity Economy and Co-optation, Isomorphism, and Instrumentalisation<\/a><\/li>\n<li><a href=\"https:\/\/www.e-elgar.com\/assets\/Companion-Pages\/Ilcheong-MS-for-companion-site\/Encylopedia-Knowledge_Hub_47.pdf\">Supporting Organizations and Intermediaries for Social and Solidarity Economy<\/a><\/li>\n<li><a href=\"https:\/\/www.e-elgar.com\/assets\/Companion-Pages\/Ilcheong-MS-for-companion-site\/Encylopedia-Knowledge_Hub_48.pdf\">Legal Frameworks and Laws for the Social and Solidarity Economy<\/a><\/li>\n<li><a href=\"https:\/\/www.e-elgar.com\/assets\/Companion-Pages\/Ilcheong-MS-for-companion-site\/Encylopedia-Knowledge_Hub_49.pdf\">Local and Territorial Development Plans and the Social and Solidarity Economy<\/a><\/li>\n<li><a href=\"https:\/\/www.e-elgar.com\/assets\/Companion-Pages\/Ilcheong-MS-for-companion-site\/Encylopedia-Knowledge_Hub_50.pdf\">Partnership and Co-construction and the Social and Solidarity Economy<\/a><\/li>\n<li><a href=\"https:\/\/www.e-elgar.com\/assets\/Companion-Pages\/Ilcheong-MS-for-companion-site\/Encylopedia-Knowledge_Hub_51.pdf\">Statistical Measurement of the Social and Solidarity Economy<\/a><\/li>\n<li><a href=\"https:\/\/www.e-elgar.com\/assets\/Companion-Pages\/Ilcheong-MS-for-companion-site\/Encylopedia-Knowledge_Hub_52.pdf\">Access to Markets for the Social and Solidarity Economy<\/a><\/li>\n<li><a href=\"https:\/\/www.e-elgar.com\/assets\/Companion-Pages\/Ilcheong-MS-for-companion-site\/Encylopedia-Knowledge_Hub_53.pdf\">Financing for the Social and Solidarity Economy<\/a><\/li>\n<li><a href=\"https:\/\/www.e-elgar.com\/assets\/Companion-Pages\/Ilcheong-MS-for-companion-site\/Encylopedia-Knowledge_Hub_54.pdf\">Participation, Governance, Collective Action, Democracy and the Social and Solidarity Economy<\/a><\/li>\n<li><a href=\"https:\/\/www.e-elgar.com\/assets\/Companion-Pages\/Ilcheong-MS-for-companion-site\/Encylopedia-Knowledge_Hub_55.pdf\">Social and Solidarity Economy and Resilience in the Context of Multiple Crises<\/a><\/li>\n<li><a href=\"https:\/\/www.e-elgar.com\/assets\/Companion-Pages\/Ilcheong-MS-for-companion-site\/Encylopedia-Knowledge_Hub_56.pdf\">Working Conditions and Wages in the Social and Solidarity Economy<\/a><\/li>\n<li><a href=\"https:\/\/www.e-elgar.com\/assets\/Companion-Pages\/Ilcheong-MS-for-companion-site\/Encylopedia-Knowledge_Hub_57.pdf\">Management of Social and Solidarity Economy Organizations and Enterprises<\/a><\/li>\n<\/ol>\n<\/li>\n<\/ul>\n<hr \/>\n<p>UNRISD set up a<a href=\"https:\/\/knowledgehub.unsse.org\/knowledge-hub\/\" target=\"_blank\" rel=\"noopener\"> Knowledge Hub<\/a> Advisory Group composed of two members and two\u00a0observers of the UNTFSSE of which CIRIEC. <strong>CIRIEC has been selected (2020-22) for its ability\u00a0and contributions to the Knowledge Hub\u2019s activities,<\/strong> and for its capacity to leverage its\u00a0network for collaboration in communication.<br \/>\nThe knowledge Hub currently runs 2 projects:<\/p>\n<ul>\n<li>The <a href=\"https:\/\/knowledgehub.unsse.org\/research-projects\/project-sse-encyclopedia\/\" target=\"_blank\" rel=\"noopener\"><strong>SSE Encyclopedia<\/strong><\/a> aims to provide policymakers and academics with a comprehensive\u00a0reference tool on social and solidarity economy (SSE). Barbara Sak, representing CIRIEC, has\u00a0been nominated to the <a href=\"https:\/\/knowledgehub.unsse.org\/research-projects\/project-sse-encyclopedia\/editorial-committee\/\" target=\"_blank\" rel=\"noopener\"><strong>Editorial Committee<\/strong><\/a>.<br \/>\nA <strong>call for submissions<\/strong> for this SSE Encyclopedia project will be announced in autumn 2020.<\/p>\n<ul>\n<li><em><strong>1st meeting (9 July 2020): summary <a href=\"http:\/\/unsse.org\/sse-encyclopedia-first-meeting-of-the-editorial-committee\/#pll_switcher\" target=\"_blank\" rel=\"noopener\">HERE<\/a><\/strong><\/em><\/li>\n<\/ul>\n<\/li>\n<li><a href=\"https:\/\/knowledgehub.unsse.org\/project-opportunities-and-challenges-of-statistics-on-sse\/\" target=\"_blank\" rel=\"noopener\"><strong>Mapping systematic data and statistics on SSE<\/strong><\/a>, is coordinated by Marie J. Bouchard with the\u00a0active involvement of Rafael Chaves and the secretariat of CIRIEC (incl. its <a href=\"https:\/\/www.ciriec.uliege.be\/en\/documentation\/cedoc\/\" target=\"_blank\" rel=\"noopener\"><strong>Documentation\u00a0Centre<\/strong><\/a> based in Li\u00e8ge). After the <a href=\"https:\/\/unsse.org\/2019\/11\/12\/november-4th-2019-event-in-brussels-opportunities-and-challenges-of-statistics-on-the-social-and-solidarity-economy\/\" target=\"_blank\" rel=\"noopener\">Expert Workshop<\/a> in November 2019, <strong>3 Working Papers<\/strong> will\u00a0be produced by the end of 2020.<\/li>\n<\/ul>\n<hr \/>\n<p><span style=\"color: #000000;\"><strong>AUGUST 2021- 3 New UNTFSSE Working Papers\u00a0by CIRIEC&#8217; Authors in FREE ACCESS<\/strong><\/span><\/p>\n<p><em>These publications will be presented during the\u00a0<a href=\"https:\/\/ciriec.uned.ac.cr\/en\/congress-2021\" target=\"_blank\" rel=\"noopener\"><strong>8th\u00a0 CIRIEC INTERNATIONAL RESEARCH CONFERENCE ON SOCIAL ECONOMY<\/strong><\/a>\u00a0in\u00a0San Jos\u00e9 (COSTA RICA) from 08 to 10 September 2021.<\/em><\/p>\n<ol>\n<li><a href=\"https:\/\/www.ciriec.uliege.be\/wp-content\/uploads\/2021\/09\/WP-2021-SSE-Stats-Bouchard-Salathe-Beaulieu.pdf\" target=\"_blank\" rel=\"noopener\"><em><strong>Producing Statistics on Social and Solidarity Economy:\u00a0The State of the Art<\/strong><\/em><\/a>\u00a0\/\u00a0Marie J. Bouchard,\u00a0Gabriel Salath\u00e9-Beaulieu,\u00a02021<\/li>\n<li><a href=\"https:\/\/www.ciriec.uliege.be\/wp-content\/uploads\/2021\/09\/WP-2021-SSE-Stats-Compere-et-at.pdf\" target=\"_blank\" rel=\"noopener\"><em><strong>Mapping International SSE Mapping Exercises<\/strong><\/em><\/a>\u00a0\/\u00a0Coline Comp\u00e8re,\u00a0Barbara Sak,\u00a0J\u00e9r\u00f4me Schoenmaeckers,\u00a02021<\/li>\n<li><strong><a href=\"https:\/\/www.ciriec.uliege.be\/wp-content\/uploads\/2021\/09\/WP-2021-SSE-Stats-Chaves-Avila.pdf\" target=\"_blank\" rel=\"noopener\"><em>Producing Statistics on Social and Solidarity Economy:\u00a0Policy Recommendations and Directions for Future Research<\/em><\/a>\u00a0\/\u00a0<\/strong>Rafael Chaves-Avila,\u00a02021<\/li>\n<\/ol>\n<p><a class=\"gdlr-button medium\" href=\"https:\/\/www.ciriec.uliege.be\/wp-content\/uploads\/2020\/06\/CIRIEC-recognized-by-UNITED-NATIONS.pdf\" target=\"_self\"  style=\"color:#ffffff; background-color:#000000; \"  >News &#8211; June 2020<\/a><\/p>\n<hr \/>\n<p style=\"text-align: center;\"><span style=\"color: #008080;\"><strong>IMPLEMENTING THE SUSTAINABLE DEVELOPMENT GOALS<\/strong><\/span><br \/>\n<span style=\"color: #008080;\"><strong>What Role for Social and Solidarity Economy?<\/strong><\/span><\/p>\n<p>This event was part of a series of conferences resulting from the Call for Papers &#8220;Implementing the Sustainable Development Goals: What Role for Social and Solidarity Economy?&#8221; which was launched by UNRISD in 2018 and co-organized with the United Nations Inter-Agency Task Force on Social and Solidarity Economy (UNTFSSE) .<\/p>\n<p>Identify and mobilize research from different regions and territories by critically examining the role of SSE in implementing SDGs is the objective.<\/p>\n<p style=\"text-align: center;\"><span style=\"color: #008080;\"><strong>SPECIAL SESSION organized by CIRIEC, ICA (International Cooperative Alliance), and SSE Forum International<\/strong><\/span><\/p>\n<p style=\"text-align: center;\"><span style=\"color: #008080;\"><strong>SSE IMPACTS FOR THE SDGs:<\/strong><\/span><br \/>\n<span style=\"color: #008080;\"><strong>Examples from India, Brazil and Spain<\/strong><\/span><br \/>\n<span style=\"color: #008080;\"><strong>(Geneva, 25 June 2019)<\/strong><\/span><\/p>\n<ul>\n<li>Moderator: Alain Arnaud, President, CIRIEC\u00a0(Introduction in <a href=\"https:\/\/www.ciriec.uliege.be\/wp-content\/uploads\/2019\/08\/Intervention-AA-ENG-Geneve-25-June-2019.pdf\" target=\"_blank\" rel=\"noopener\">EN<\/a> &amp; <a href=\"https:\/\/www.ciriec.uliege.be\/wp-content\/uploads\/2019\/08\/Intervention-AA-session-sp\u00e9ciale-Gen\u00e8ve-25-juin-2019.pdf\" target=\"_blank\" rel=\"noopener\">FR<\/a>)<\/li>\n<li>REEMA NANAVATY, General Secretary, SEWA &#8211; The Self Employed Women&#8217;s Association (SEWA) in India (<a href=\"https:\/\/www.ciriec.uliege.be\/wp-content\/uploads\/2019\/08\/SEWA-Reem-Nanavaty-presentation.pdf\" target=\"_blank\" rel=\"noopener\">Presentation<\/a> + <a href=\"https:\/\/www.ciriec.uliege.be\/wp-content\/uploads\/2019\/08\/UNTFSSE-Reema-NANAVATY.pdf\" target=\"_blank\" rel=\"noopener\">Nanavaty Presentation<\/a>\u00a0+ <a href=\"https:\/\/unsse.org\/sdgs-sse-conference\/\" target=\"_blank\" rel=\"noopener\">SPEECH<\/a>)<\/li>\n<li>LEANDRO MORAIS, Professor and Researcher, Universidade Estadual Paulista, Brazil &#8211; The Maranh\u00e3o State Reference Center for Solidarity Economy (CRESOL): State Government and SSE Entrepreneurs Joining Forces in Brazil (<a href=\"https:\/\/www.ciriec.uliege.be\/wp-content\/uploads\/2019\/08\/ppt-cresol-Leandro-MORAIS-25-June-15.30-plenary.pdf\" target=\"_blank\" rel=\"noopener\">Presentation<\/a>)<\/li>\n<li><a href=\"http:\/\/ciriec.es\/novedades-bibliograficas\/contribucion-de-las-cooperativas-agrarias-al-cumplimiento-de-los-objetivos-de-desarrollo-sostenible-especial-referencia-al-sector-oleicola\/\" target=\"_blank\" rel=\"noopener\"><img loading=\"lazy\" class=\"wp-image-12429 alignright\" src=\"https:\/\/www.ciriec.uliege.be\/wp-content\/uploads\/2019\/08\/Libro_CoopsODS_Mozas-240x340-212x300.jpg\" alt=\"\" width=\"154\" height=\"218\" srcset=\"https:\/\/www.ciriec.uliege.be\/wp-content\/uploads\/2019\/08\/Libro_CoopsODS_Mozas-240x340-212x300.jpg 212w, https:\/\/www.ciriec.uliege.be\/wp-content\/uploads\/2019\/08\/Libro_CoopsODS_Mozas-240x340.jpg 240w\" sizes=\"(max-width: 154px) 100vw, 154px\" \/><\/a>ADORACI\u00d3N MOZAS, Professor, University of Ja\u00e9n; President of CIRIEC-Espa\u00f1a &#8211; How Agricultural Cooperatives Achieve the SDGs (<a href=\"https:\/\/www.ciriec.uliege.be\/wp-content\/uploads\/2019\/08\/Presentaci\u00f3n-Adoraci\u00f3n-Mozas-Moral-transmise-le-21.06-\u00e0-01.20.pdf\" target=\"_blank\" rel=\"noopener\">Presentation<\/a>\u00a0+ the book <a href=\"http:\/\/ciriec.es\/novedades-bibliograficas\/contribucion-de-las-cooperativas-agrarias-al-cumplimiento-de-los-objetivos-de-desarrollo-sostenible-especial-referencia-al-sector-oleicola\/\" target=\"_blank\" rel=\"noopener\">CONTRIBUCI\u00d3N DE LAS COOPERATIVAS AGRARIAS AL CUMPLIMIENTO DE LOS OBJETIVOS DE DESARROLLO SOSTENIBLE. ESPECIAL REFERENCIA AL SECTOR OLE\u00cdCOLA<\/a>)<\/li>\n<li>Discussants: ARIEL GUARCO, President, ICA &amp;\u00a0 ALAIN COHEUR, Co-President, SSE Forum International<\/li>\n<li><strong>WORKING PAPERS of the conference <a href=\"https:\/\/unsse.org\/publication_tag\/geneva-conference-2019\/\" target=\"_blank\" rel=\"noopener\">HERE<\/a><\/strong><\/li>\n<li><strong>More info <a href=\"http:\/\/bit.ly\/UNTFSSE-news\" target=\"_blank\" rel=\"noopener\">here<\/a><\/strong><\/li>\n<\/ul>\n<p><img loading=\"lazy\" class=\"aligncenter\" src=\"https:\/\/www.ica.coop\/sites\/default\/files\/styles\/full_image\/public\/news-item-fullimage\/dsc0226-273639411.jpg?itok=XvOBXf7C\" width=\"434\" height=\"289\" \/><\/p>\n","protected":false},"excerpt":{"rendered":"<p>UN Inter-Agency Task Force on Social and Solidarity Economy (TFSSE) The UN Inter-Agency Task Force on Social and Solidarity Economy (TFSSE) aims to raise the visibility of debates about Social and Solidarity Economy (SSE) within the UN system and beyond. The\u00a0members and observers\u00a0of the Task Force have committed to undertake collaborative activities to: enhance the&#8230; <\/p>\n<div class=\"clear\"><\/div>\n<p><a href=\"https:\/\/www.ciriec.uliege.be\/en\/our-network\/recherches-partenariats\/untfsse\/\" class=\"gdlr-button with-border excerpt-read-more\">Read More<\/a><\/p>\n","protected":false},"author":6,"featured_media":9962,"parent":5773,"menu_order":138,"comment_status":"closed","ping_status":"closed","template":"","meta":[],"_links":{"self":[{"href":"https:\/\/www.ciriec.uliege.be\/en\/wp-json\/wp\/v2\/pages\/9949"}],"collection":[{"href":"https:\/\/www.ciriec.uliege.be\/en\/wp-json\/wp\/v2\/pages"}],"about":[{"href":"https:\/\/www.ciriec.uliege.be\/en\/wp-json\/wp\/v2\/types\/page"}],"author":[{"embeddable":true,"href":"https:\/\/www.ciriec.uliege.be\/en\/wp-json\/wp\/v2\/users\/6"}],"replies":[{"embeddable":true,"href":"https:\/\/www.ciriec.uliege.be\/en\/wp-json\/wp\/v2\/comments?post=9949"}],"version-history":[{"count":10,"href":"https:\/\/www.ciriec.uliege.be\/en\/wp-json\/wp\/v2\/pages\/9949\/revisions"}],"predecessor-version":[{"id":16142,"href":"https:\/\/www.ciriec.uliege.be\/en\/wp-json\/wp\/v2\/pages\/9949\/revisions\/16142"}],"up":[{"embeddable":true,"href":"https:\/\/www.ciriec.uliege.be\/en\/wp-json\/wp\/v2\/pages\/5773"}],"wp:featuredmedia":[{"embeddable":true,"href":"https:\/\/www.ciriec.uliege.be\/en\/wp-json\/wp\/v2\/media\/9962"}],"wp:attachment":[{"href":"https:\/\/www.ciriec.uliege.be\/en\/wp-json\/wp\/v2\/media?parent=9949"}],"curies":[{"name":"wp","href":"https:\/\/api.w.org\/{rel}","templated":true}]}}