{"id":9488,"date":"2018-09-26T10:46:34","date_gmt":"2018-09-26T08:46:34","guid":{"rendered":"http:\/\/www.ciriec.uliege.be\/?page_id=9488"},"modified":"2021-12-10T10:43:18","modified_gmt":"2021-12-10T09:43:18","slug":"expert-groups-bodies-committees","status":"publish","type":"page","link":"https:\/\/www.ciriec.uliege.be\/en\/research\/expert-groups-bodies-committees\/","title":{"rendered":"Expert Groups \/ Consultative Bodies"},"content":{"rendered":"<h4 style=\"text-align: center;\">GECES<br \/>\n<strong>New Expert\u00a0Group\u00a0on\u00a0Social Economy and Social\u00a0Enterprises<br \/>\nof the EUROPEAN COMMISSSION<br \/>\n(2018-2024)<\/strong><\/h4>\n<p><img loading=\"lazy\" class=\"wp-image-9492 alignleft\" src=\"https:\/\/www.ciriec.uliege.be\/wp-content\/uploads\/2018\/09\/logo_ce-en-rvb-hr-300x208.jpg\" alt=\"\" width=\"203\" height=\"141\" srcset=\"https:\/\/www.ciriec.uliege.be\/wp-content\/uploads\/2018\/09\/logo_ce-en-rvb-hr-300x208.jpg 300w, https:\/\/www.ciriec.uliege.be\/wp-content\/uploads\/2018\/09\/logo_ce-en-rvb-hr-768x531.jpg 768w, https:\/\/www.ciriec.uliege.be\/wp-content\/uploads\/2018\/09\/logo_ce-en-rvb-hr-1024x709.jpg 1024w, https:\/\/www.ciriec.uliege.be\/wp-content\/uploads\/2018\/09\/logo_ce-en-rvb-hr.jpg 1104w\" sizes=\"(max-width: 203px) 100vw, 203px\" \/><\/p>\n<p>CIRIEC takes part in the European high-level debate within the\u00a0<strong>&#8216;Expert Group on Social Economy and Social Enterprises&#8217;<\/strong>. This new group follows the &#8220;Commission&#8217;s Expert Group on Social Entrepreneurship&#8221; (GECES) set up as part of the actions of the Social Business Initiative launched by the Commission in 2011 and having published the report &#8220;<a href=\"https:\/\/ec.europa.eu\/growth\/content\/social-enterprises-and-social-economy-going-forward-0_fr\">Social enterprises and the social economy going forward<\/a>&#8221; in 2016.<\/p>\n<p>The objective of the new expert group on the Social Economy and Social Enterprises will be to discuss and agree on the development and strengthening of activities related to the implementation of five pillars: access to finance, access to markets, better framework conditions, new technologies and social innovation, as well as the development of an international dimension.<\/p>\n<p>CIRIEC will be represented in this group by\u00a0<strong>Rafael CHAVES<\/strong>, doctor of economics, professor at the University of Valencia (Spain), editor-in-chief of the journal \u2018CIRIEC-Espa\u00f1a, revista de econom\u00eda p\u00fablica, social y cooperativa\u2019, former President of CIRIEC&#8217;s International Scientific Commission \u201cSocial and Cooperative Economy\u201d.<\/p>\n<p>The group shall assist the Commissission in the following tasks:<br \/>\n1. Examine the progress of measures envisaged in the Commission&#8217;s Communication &#8220;Europe&#8217;s next leaders: the Start-up and Scale-up Initiative&#8221;.<br \/>\n2. Provide the Commission with advice in view of elaborating and implementing policy measures in order to strenghten social economy and social enterprises ecoystem in Member States and in the international arena.<br \/>\n3. Raise awareness at the national level of EU level actions and exchange of practice from other Member States.<\/p>\n<p>More info on the Group <a href=\"http:\/\/ec.europa.eu\/growth\/sectors\/social-economy\/enterprises\/expert-groups_en\" target=\"_blank\" rel=\"noopener\">here<\/a><\/p>\n<p>Group details <a href=\"http:\/\/ec.europa.eu\/transparency\/regexpert\/index.cfm?do=groupDetail.groupDetail&amp;groupID=3576&amp;NewSearch=1&amp;NewSearch=1\" target=\"_blank\" rel=\"noopener\">here\u00a0<\/a><\/p>\n","protected":false},"excerpt":{"rendered":"<p>GECES New Expert\u00a0Group\u00a0on\u00a0Social Economy and Social\u00a0Enterprises of the EUROPEAN COMMISSSION (2018-2024) CIRIEC takes part in the European high-level debate within the\u00a0&#8216;Expert Group on Social Economy and Social Enterprises&#8217;. This new group follows the &#8220;Commission&#8217;s Expert Group on Social Entrepreneurship&#8221; (GECES) set up as part of the actions of the Social Business Initiative launched by the&#8230; <\/p>\n<div class=\"clear\"><\/div>\n<p><a href=\"https:\/\/www.ciriec.uliege.be\/en\/research\/expert-groups-bodies-committees\/\" class=\"gdlr-button with-border excerpt-read-more\">Read More<\/a><\/p>\n","protected":false},"author":6,"featured_media":5503,"parent":5388,"menu_order":148,"comment_status":"closed","ping_status":"closed","template":"","meta":[],"_links":{"self":[{"href":"https:\/\/www.ciriec.uliege.be\/en\/wp-json\/wp\/v2\/pages\/9488"}],"collection":[{"href":"https:\/\/www.ciriec.uliege.be\/en\/wp-json\/wp\/v2\/pages"}],"about":[{"href":"https:\/\/www.ciriec.uliege.be\/en\/wp-json\/wp\/v2\/types\/page"}],"author":[{"embeddable":true,"href":"https:\/\/www.ciriec.uliege.be\/en\/wp-json\/wp\/v2\/users\/6"}],"replies":[{"embeddable":true,"href":"https:\/\/www.ciriec.uliege.be\/en\/wp-json\/wp\/v2\/comments?post=9488"}],"version-history":[{"count":6,"href":"https:\/\/www.ciriec.uliege.be\/en\/wp-json\/wp\/v2\/pages\/9488\/revisions"}],"predecessor-version":[{"id":14906,"href":"https:\/\/www.ciriec.uliege.be\/en\/wp-json\/wp\/v2\/pages\/9488\/revisions\/14906"}],"up":[{"embeddable":true,"href":"https:\/\/www.ciriec.uliege.be\/en\/wp-json\/wp\/v2\/pages\/5388"}],"wp:featuredmedia":[{"embeddable":true,"href":"https:\/\/www.ciriec.uliege.be\/en\/wp-json\/wp\/v2\/media\/5503"}],"wp:attachment":[{"href":"https:\/\/www.ciriec.uliege.be\/en\/wp-json\/wp\/v2\/media?parent=9488"}],"curies":[{"name":"wp","href":"https:\/\/api.w.org\/{rel}","templated":true}]}}