{"id":8660,"date":"2017-11-10T09:25:33","date_gmt":"2017-11-10T08:25:33","guid":{"rendered":"http:\/\/www.ciriec.ulg.ac.be\/?page_id=8660\/"},"modified":"2019-06-24T14:56:55","modified_gmt":"2019-06-24T12:56:55","slug":"secoia","status":"publish","type":"page","link":"https:\/\/www.ciriec.uliege.be\/en\/our-network\/national-sections\/belgium\/publications\/secoia\/","title":{"rendered":"SECOIA"},"content":{"rendered":"<p><img loading=\"lazy\" class=\"size-medium wp-image-8650 alignleft\" src=\"https:\/\/www.ciriec.uliege.be\/wp-content\/uploads\/2017\/11\/secoia-couv-petit-213x300.png\" alt=\"\" width=\"213\" height=\"300\" srcset=\"https:\/\/www.ciriec.uliege.be\/wp-content\/uploads\/2017\/11\/secoia-couv-petit-213x300.png 213w, https:\/\/www.ciriec.uliege.be\/wp-content\/uploads\/2017\/11\/secoia-couv-petit.png 318w\" sizes=\"(max-width: 213px) 100vw, 213px\" \/><\/p>\n<p class=\"bookTitleTop\"><strong>L\u2019\u00c9CONOMIE SOCIALE EN PRATIQUES<\/strong><br \/>\n<strong>SECOIA : pratiques sp\u00e9cifiques des entreprises d\u2019\u00e9conomie sociale et analyse des impacts g\u00e9n\u00e9r\u00e9s \/\u00a0<\/strong><span class=\"\">Universit\u00e9 de Li\u00e8ge, Centre d&#8217;\u00e9conomie sociale, Centre de recherche Spirale, SAW-B (Solidarit\u00e9 des Alternatives Wallonnes et Bruxelloises), CIRIEC Belgium<\/span><\/p>\n<p class=\"bookTitleTop\">Download the French version <a href=\"https:\/\/www.ciriec.uliege.be\/wp-content\/uploads\/2017\/11\/rapport_secoia_web.pdf\" target=\"_blank\" rel=\"noopener\">here<\/a>.<\/p>\n","protected":false},"excerpt":{"rendered":"<p>L\u2019\u00c9CONOMIE SOCIALE EN PRATIQUES SECOIA : pratiques sp\u00e9cifiques des entreprises d\u2019\u00e9conomie sociale et analyse des impacts g\u00e9n\u00e9r\u00e9s \/\u00a0Universit\u00e9 de Li\u00e8ge, Centre d&#8217;\u00e9conomie sociale, Centre de recherche Spirale, SAW-B (Solidarit\u00e9 des Alternatives Wallonnes et Bruxelloises), CIRIEC Belgium Download the French version here.<\/p>\n","protected":false},"author":6,"featured_media":8651,"parent":5734,"menu_order":76,"comment_status":"closed","ping_status":"closed","template":"","meta":[],"_links":{"self":[{"href":"https:\/\/www.ciriec.uliege.be\/en\/wp-json\/wp\/v2\/pages\/8660"}],"collection":[{"href":"https:\/\/www.ciriec.uliege.be\/en\/wp-json\/wp\/v2\/pages"}],"about":[{"href":"https:\/\/www.ciriec.uliege.be\/en\/wp-json\/wp\/v2\/types\/page"}],"author":[{"embeddable":true,"href":"https:\/\/www.ciriec.uliege.be\/en\/wp-json\/wp\/v2\/users\/6"}],"replies":[{"embeddable":true,"href":"https:\/\/www.ciriec.uliege.be\/en\/wp-json\/wp\/v2\/comments?post=8660"}],"version-history":[{"count":1,"href":"https:\/\/www.ciriec.uliege.be\/en\/wp-json\/wp\/v2\/pages\/8660\/revisions"}],"predecessor-version":[{"id":8661,"href":"https:\/\/www.ciriec.uliege.be\/en\/wp-json\/wp\/v2\/pages\/8660\/revisions\/8661"}],"up":[{"embeddable":true,"href":"https:\/\/www.ciriec.uliege.be\/en\/wp-json\/wp\/v2\/pages\/5734"}],"wp:featuredmedia":[{"embeddable":true,"href":"https:\/\/www.ciriec.uliege.be\/en\/wp-json\/wp\/v2\/media\/8651"}],"wp:attachment":[{"href":"https:\/\/www.ciriec.uliege.be\/en\/wp-json\/wp\/v2\/media?parent=8660"}],"curies":[{"name":"wp","href":"https:\/\/api.w.org\/{rel}","templated":true}]}}