{"id":8658,"date":"2017-11-10T09:23:55","date_gmt":"2017-11-10T08:23:55","guid":{"rendered":"http:\/\/www.ciriec.ulg.ac.be\/?page_id=8658\/"},"modified":"2017-11-10T09:23:55","modified_gmt":"2017-11-10T08:23:55","slug":"secoia","status":"publish","type":"page","link":"https:\/\/www.ciriec.uliege.be\/en\/our-network\/national-sections\/belgium\/recherches\/secoia\/","title":{"rendered":"SECOIA"},"content":{"rendered":"<p class=\"bookTitleTop\"><strong><img loading=\"lazy\" class=\"size-medium wp-image-8650 alignleft\" src=\"https:\/\/www.ciriec.uliege.be\/wp-content\/uploads\/2017\/11\/secoia-couv-petit-213x300.png\" alt=\"\" width=\"213\" height=\"300\" srcset=\"https:\/\/www.ciriec.uliege.be\/wp-content\/uploads\/2017\/11\/secoia-couv-petit-213x300.png 213w, https:\/\/www.ciriec.uliege.be\/wp-content\/uploads\/2017\/11\/secoia-couv-petit.png 318w\" sizes=\"(max-width: 213px) 100vw, 213px\" \/>L\u2019\u00c9CONOMIE SOCIALE EN PRATIQUES<\/strong><br \/>\n<strong>SECOIA : pratiques sp\u00e9cifiques des entreprises d\u2019\u00e9conomie sociale et analyse des impacts g\u00e9n\u00e9r\u00e9s \/\u00a0<\/strong><span class=\"\">Universit\u00e9 de Li\u00e8ge, Centre d&#8217;\u00e9conomie sociale, Centre de recherche Spirale, SAW-B (Solidarit\u00e9 des Alternatives Wallonnes et Bruxelloises), CIRIEC Belgique<\/span><\/p>\n<p>Report realised, for the Walloon Minister for the Social Economy, called SECOIA (Social ECOnomy Impact Assessment), where the management practices by social economy enterprises were evaluated according a model grid.<\/p>\n<p>The study was led by the\u00a0University of Li\u00e8ge and 2 of its research centers, Social Economy Center &amp; Spiral Research Center, SAW-B (Solidarit\u00e9 des Alternatives Wallonnes et Bruxelloises) and\u00a0CIRIEC Belgium. After meeting a hundred ecosystem actors in Belgium, an interim report is now available.<\/p>\n<p>International analyses were also achieved with the help of CIRIEC-Canada, CIRIEC-Spain and CIRIEC-experts from Italia, Romania and Sweden. Thoses analyses will be integrated in the final report.<\/p>\n<p>&nbsp;<\/p>\n<p class=\"bookTitleTop\">Download the French version <a href=\"https:\/\/www.ciriec.uliege.be\/wp-content\/uploads\/2017\/11\/rapport_secoia_web.pdf\" target=\"_blank\" rel=\"noopener\">here<\/a><\/p>\n<p>&nbsp;<\/p>\n","protected":false},"excerpt":{"rendered":"<p>L\u2019\u00c9CONOMIE SOCIALE EN PRATIQUES SECOIA : pratiques sp\u00e9cifiques des entreprises d\u2019\u00e9conomie sociale et analyse des impacts g\u00e9n\u00e9r\u00e9s \/\u00a0Universit\u00e9 de Li\u00e8ge, Centre d&#8217;\u00e9conomie sociale, Centre de recherche Spirale, SAW-B (Solidarit\u00e9 des Alternatives Wallonnes et Bruxelloises), CIRIEC Belgique Report realised, for the Walloon Minister for the Social Economy, called SECOIA (Social ECOnomy Impact Assessment), where the management&#8230; <\/p>\n<div class=\"clear\"><\/div>\n<p><a href=\"https:\/\/www.ciriec.uliege.be\/en\/our-network\/national-sections\/belgium\/recherches\/secoia\/\" class=\"gdlr-button with-border excerpt-read-more\">Read More<\/a><\/p>\n","protected":false},"author":6,"featured_media":8651,"parent":5737,"menu_order":143,"comment_status":"closed","ping_status":"closed","template":"","meta":[],"_links":{"self":[{"href":"https:\/\/www.ciriec.uliege.be\/en\/wp-json\/wp\/v2\/pages\/8658"}],"collection":[{"href":"https:\/\/www.ciriec.uliege.be\/en\/wp-json\/wp\/v2\/pages"}],"about":[{"href":"https:\/\/www.ciriec.uliege.be\/en\/wp-json\/wp\/v2\/types\/page"}],"author":[{"embeddable":true,"href":"https:\/\/www.ciriec.uliege.be\/en\/wp-json\/wp\/v2\/users\/6"}],"replies":[{"embeddable":true,"href":"https:\/\/www.ciriec.uliege.be\/en\/wp-json\/wp\/v2\/comments?post=8658"}],"version-history":[{"count":1,"href":"https:\/\/www.ciriec.uliege.be\/en\/wp-json\/wp\/v2\/pages\/8658\/revisions"}],"predecessor-version":[{"id":8659,"href":"https:\/\/www.ciriec.uliege.be\/en\/wp-json\/wp\/v2\/pages\/8658\/revisions\/8659"}],"up":[{"embeddable":true,"href":"https:\/\/www.ciriec.uliege.be\/en\/wp-json\/wp\/v2\/pages\/5737"}],"wp:featuredmedia":[{"embeddable":true,"href":"https:\/\/www.ciriec.uliege.be\/en\/wp-json\/wp\/v2\/media\/8651"}],"wp:attachment":[{"href":"https:\/\/www.ciriec.uliege.be\/en\/wp-json\/wp\/v2\/media?parent=8658"}],"curies":[{"name":"wp","href":"https:\/\/api.w.org\/{rel}","templated":true}]}}