{"id":7590,"date":"2016-10-17T09:57:01","date_gmt":"2016-10-17T08:57:01","guid":{"rendered":"http:\/\/www.ciriec.ulg.ac.be\/en\/?page_id=7590"},"modified":"2026-02-09T11:56:40","modified_gmt":"2026-02-09T10:56:40","slug":"previous-researches-and-collective-publications-in-public-economy","status":"publish","type":"page","link":"https:\/\/www.ciriec.uliege.be\/en\/research\/commission-ep\/previous-researches-and-collective-publications-in-public-economy\/","title":{"rendered":"Collective publications in public economy"},"content":{"rendered":"<h4>Collective publications in public economy:<\/h4>\n<p><strong>2022<\/strong><\/p>\n<p><a href=\"https:\/\/www.ciriec.uliege.be\/publications\/ouvrages\/new-perspectives-in-the-co-production-of-public-policies-public-services-and-common-goods\/\" target=\"_blank\" rel=\"noopener\">New Perspectives in the Co-Production of Public Policies, Public Services and Common Goods <\/a>\/ edited by Philippe BANCE, Marie J. BOUCHARD &amp; Dorothea GREILING<\/p>\n<p><strong>2021<\/strong><\/p>\n<p><a href=\"https:\/\/www.ciriec.uliege.be\/publications\/ouvrages\/accountability-anti-corruption-and-transparency-policies-in-public-owned-enterprises-poes-part-i\/\" target=\"_blank\" rel=\"noopener\">Accountability, Anti-Corruption, and Transparency Policies in Public-Owned Enterprises (POEs) &#8211; PART I<\/a> \/ edited by Andrea ZATTI<\/p>\n<p class=\"cover-image__title\"><a href=\"https:\/\/onlinelibrary.wiley.com\/toc\/14678292\/2021\/92\/3\" target=\"_blank\" rel=\"noopener\">Knowledge Creation: New Frontiers for Public Investment<\/a> \/ edited by Massimo Florio,\u00a0<span class=\"comma__item\"><span class=\"comma-separator\"><i>Annals of Public and Cooperative Economics, 2021, 92, 3<\/i><\/span><\/span><\/p>\n<div class=\"cover-image__editors\">\n<div>\n<div class=\"loa comma\"><a href=\"https:\/\/onlinelibrary.wiley.com\/toc\/14678292\/2021\/92\/1\" target=\"_blank\" rel=\"noopener\"><strong>The New Age of Commons: Innovation or Necessity?<\/strong><\/a>\u00a0\/ edited by Philippe Bance &amp; J\u00e9r\u00f4me Schoenmaeckers,\u00a0<span class=\"comma__item\"><span class=\"comma-separator\"><i>Annals of Public and Cooperative Economics, 2021, 92, 1<\/i><\/span><\/span><\/div>\n<\/div>\n<\/div>\n<p><strong>2020<\/strong><\/p>\n<p><strong><a href=\"https:\/\/www.ciriec.uliege.be\/en\/publications\/ouvrages\/the-routledge-handbook-of-state-owned-enterprises-luc-bernier-massimo-florio-philippe-bance-ed-routledge-2020\/\" target=\"_blank\" rel=\"noopener\">The Routledge Handbook of State-Owned Enterprises<\/a> \/ edited by<\/strong><strong>\u00a0Luc Bernier,\u00a0Massimo Florio,\u00a0Philippe Bance,\u00a0<\/strong><strong>ed. ROUTLEDGE, 2020<\/strong><\/p>\n<p><strong>2019<\/strong><\/p>\n<p class=\"cover-image__title\"><a href=\"https:\/\/onlinelibrary.wiley.com\/toc\/14678292\/2019\/90\/2\" target=\"_blank\" rel=\"noopener\"><strong><span class=\"cover-image__title__pref\">Special Issue:<\/span>The Performance and Potential of Public Private Partnerships<\/strong><\/a> \/\u00a0<em>\u00a0<\/em>edited by Donal PALCIC, Eoin REEVES and Matti SIEMIATYCKI, Annals of Public and Cooperative Economics, 2019, 90, 2<\/p>\n<p><strong>2018<\/strong><\/p>\n<p><a href=\"https:\/\/www.ciriec.uliege.be\/en\/publications\/ouvrages\/providing-public-goods-and-commons-towards-corpoduction-and-new-forms-of-governance-for-a-revival-of-public-action-philippe-bance-dir-2018\/\" target=\"_blank\" rel=\"noopener\"><strong>Providing public<\/strong> <strong>goods and commons. Towards coproduction and new forms of governance for a revival of public action<\/strong><\/a>\u00a0\/ edited by CIRIEC, Philippe Bance,<em>\u00a0<\/em>CIRIEC Studies Series 1<\/p>\n<p><a href=\"https:\/\/onlinelibrary.wiley.com\/toc\/14678292\/2018\/89\/3\" target=\"_blank\" rel=\"noopener\"><strong>The Continuing Importance of State Owned Enterprise in the Twenty First Century: Challenges for Public Policy<\/strong><\/a> \/\u00a0edited by Luc BERNIER &amp; Eoin REEVES,\u00a0<em> Annals of Public and Cooperative Economics, 2018, 89, 3<\/em><\/p>\n<p><strong><a href=\"https:\/\/onlinelibrary.wiley.com\/toc\/14678292\/2018\/89\/1\" target=\"_blank\" rel=\"noopener\">An Enduring Platform for Public and Cooperative Economics Research<\/a><\/strong> \/ edited by Marco MARINI &amp; Bernard THIRY, <em>Annals of Public and Cooperative Economics, 2018, 89, 1<\/em><\/p>\n<p><b>2015<br \/>\n<\/b><a href=\"https:\/\/www.peterlang.com\/view\/product\/61915\"><b><i>Public Enterprises Today\u00a0: Missions, Performance, Governance\u00a0\u2013 Learning from Fifteen Cases \/ Les entreprises publiques aujourd\u2019hui\u00a0: missions, performance, gouvernance\u00a0\u00ad\u2013 Le\u00e7ons de quinze \u00e9tudes de cas<\/i><\/b>,<\/a> Peter Lang, CIRIEC, Luc Bernier<\/p>\n<p><a href=\"http:\/\/onlinelibrary.wiley.com\/doi\/10.1111\/apce.2015.86.issue-4\/issuetoc\"><b>Serving the General Interest with Public Enterprises New Forms of Governance and Trends in Ownership<\/b><\/a><b> \/ <\/b>edited by Philippe Bance, Fabienne Fecher, Gabriel Obermann, <i>Annals of Public and Cooperative Economics, 2015, 86, 4<\/i><\/p>\n<p><i><\/i><b>2012<br \/>\n<\/b><a href=\"http:\/\/onlinelibrary.wiley.com\/doi\/10.1111\/apce.2012.83.issue-4\/issuetoc\"><b>Research on Local Public Services<\/b><\/a><b> \/ <\/b>edited by Gabriel Obermann and Giuseppe Bognetti,\u00a0 <i>Annals of Public and Cooperative Economics, 2012, 83, 4<\/i><\/p>\n<p><b><i><\/i><\/b><b>2011<br \/>\n<\/b><a href=\"https:\/\/www.peterlang.com\/view\/product\/12225\"><b><i>Crise contemporaine et renouveau de l\u2019action publique \u2013 Vers l\u2019\u00e9mergence d\u2019un nouveau mode de r\u00e9gulation\u00a0? \/ Contemporary crisis and renewal of public action \u2013 Towards the emergence of a new form of regulation?<\/i><\/b>,<\/a> Peter Lang , CIRIEC, Philippe Bance et Luc Bernier<\/p>\n<p><b><\/b><b>2010<br \/>\n<\/b><b><i>The inter-relationship between the structural funds and the provision of services of general (economic) interest and the potential for cross-border service delivery<\/i><\/b><b>, <\/b>CIRIEC, DEAS, CSIL, PPMI (for the European Parliament)\u00a0<a href=\"http:\/\/www.europarl.europa.eu\/thinktank\/en\/document.html?reference=IPOL-REGI_ET(2010)438616\">http:\/\/www.europarl.europa.eu\/thinktank\/en\/document.html?reference=IPOL-REGI_ET(2010)438616<\/a><\/p>\n<p><b>2008<br \/>\n<\/b><a href=\"https:\/\/www.peterlang.com\/view\/product\/11833\"><b><i>Gouvernance et int\u00e9r\u00eat g\u00e9n\u00e9ral dans les services sociaux et de sant\u00e9<\/i><\/b><\/a>, Peter Lang , CIRIEC (sous la dir. de Bernard Enjolras)<\/p>\n<p><b><i>Study on Social and Health Services of General Interest in the European Union\u00a0<\/i><\/b><a href=\"http:\/\/ec.europa.eu\/social\/main.jsp?catId=794&amp;langId=en\">http:\/\/ec.europa.eu\/social\/main.jsp?catId=794&amp;langId=en<\/a> (See \u2018Related Documents\u2019)<\/p>\n<p><b>2007<br \/>\n<\/b><a href=\"http:\/\/onlinelibrary.wiley.com\/doi\/10.1111\/apce.2007.78.issue-3\/issuetoc\"><b><i>Provision of public services: international experiences and issues<\/i><\/b>,<\/a> edited by G. Obermann<br \/>\nSpecial issue of Annals of Public and Cooperatives Economics, vol.78, n\u00b03, September 2007, Blackwell-Publishing<\/p>\n<p><b>2005<\/b><br \/>\n<a href=\"https:\/\/www.ciriec.uliege.be\/fr\/telechargements\/RESEARCH_REPORTS\/2005_study_sgi_en.pdf\"><b><i>Services of General Interest in the Internal Market<\/i><\/b> <\/a>, G. Obermann, D. Hall, B. Sak (for the European Parliament \u2013 DG Internal Policies of the Union) <a href=\"http:\/\/www.europarl.europa.eu\/comparl\/imco\/studies\/default_en.htm\">http:\/\/www.europarl.europa.eu\/comparl\/imco\/studies\/default_en.htm<\/a><\/p>\n<p><b>2004<br \/>\n<\/b><a href=\"https:\/\/www.ciriec.uliege.be\/publications\/etudesrapports\/contribution-of-services-of-general-interest-to-economic-social-and-territorial-cohesion-2004\/\"><b>Contribution of Services of General Interest to Economic Social and Territorial Cohesion <\/b><\/a>, CIRIEC (for the European Commission \u2013 DG\u00a0 regio ) (Final Overall Report)<\/p>\n<p><b>2003<br \/>\n<\/b><a href=\"http:\/\/onlinelibrary.wiley.com\/doi\/10.1111\/apce.2003.74.issue-1\/issuetoc\"><b><i>The question of competitive tendering for public services in the European Union<\/i><\/b><\/a> , edited by H. Cox<br \/>\nSpecial issue of Annals of Public and Cooperatives Economics, vol.74, n\u00b01, March 2003, Blackwell-Publishing<\/p>\n<p><b><\/b><b>2002<br \/>\n<\/b><a href=\"https:\/\/www.ciriec.uliege.be\/wp-content\/uploads\/2016\/03\/OUVRAGES-PUBLIES-AVANT-2003-EN.pdf\"><b><i>Plural Economy and socio-economic regulati<\/i><\/b><b><i>on \/ Economie plurielle et r\u00e9gulation socio-\u00e9conomique<br \/>\n<\/i><\/b><\/a>CIRIEC (Enjolras B. &amp; von Bergmann-Winberg M.-L., Eds)<\/p>\n<p><b>2001<\/b><br \/>\n<b><i>Les services sociaux entre associations, Etat et march\u00e9. L&#8217;aide aux personnes \u00e2g\u00e9es,\u00a0<\/i><\/b>Laville J.-L. &amp; Nyssens M. (sous la direction de)\u00a0(Editions La D\u00e9couverte, Paris, <i>Collection Recherches <\/i>, isbn 2-7071-3579-8)<\/p>\n<p><b>2000<br \/>\n<\/b><a href=\"https:\/\/www.ciriec.uliege.be\/wp-content\/uploads\/2016\/03\/OUVRAGES-PUBLIES-AVANT-2003-EN.pdf\"><b><i>Services of General Economic Interest in Europe: Regulation, Financing, Evaluation, Good Practices<\/i><\/b><\/a><b><i>,<\/i><\/b> CIRIEC-CEEP (with the support of the European Commission \u2013 DG\u00a0Employment and Social Affairs) <a href=\"https:\/\/www.ciriec.uliege.be\/fr\/telechargements\/RESEARCH_REPORTS\/CEEP_summary.pdf\">( Executive summary )(aslo available in DE and FR)<\/a><\/p>\n","protected":false},"excerpt":{"rendered":"<p>Collective publications in public economy: 2022 New Perspectives in the Co-Production of Public Policies, Public Services and Common Goods \/ edited by Philippe BANCE, Marie J. BOUCHARD &amp; Dorothea GREILING 2021 Accountability, Anti-Corruption, and Transparency Policies in Public-Owned Enterprises (POEs) &#8211; PART I \/ edited by Andrea ZATTI Knowledge Creation: New Frontiers for Public Investment&#8230; <\/p>\n<div class=\"clear\"><\/div>\n<p><a href=\"https:\/\/www.ciriec.uliege.be\/en\/research\/commission-ep\/previous-researches-and-collective-publications-in-public-economy\/\" class=\"gdlr-button with-border excerpt-read-more\">Read More<\/a><\/p>\n","protected":false},"author":6,"featured_media":4978,"parent":5411,"menu_order":139,"comment_status":"closed","ping_status":"closed","template":"","meta":[],"_links":{"self":[{"href":"https:\/\/www.ciriec.uliege.be\/en\/wp-json\/wp\/v2\/pages\/7590"}],"collection":[{"href":"https:\/\/www.ciriec.uliege.be\/en\/wp-json\/wp\/v2\/pages"}],"about":[{"href":"https:\/\/www.ciriec.uliege.be\/en\/wp-json\/wp\/v2\/types\/page"}],"author":[{"embeddable":true,"href":"https:\/\/www.ciriec.uliege.be\/en\/wp-json\/wp\/v2\/users\/6"}],"replies":[{"embeddable":true,"href":"https:\/\/www.ciriec.uliege.be\/en\/wp-json\/wp\/v2\/comments?post=7590"}],"version-history":[{"count":10,"href":"https:\/\/www.ciriec.uliege.be\/en\/wp-json\/wp\/v2\/pages\/7590\/revisions"}],"predecessor-version":[{"id":18655,"href":"https:\/\/www.ciriec.uliege.be\/en\/wp-json\/wp\/v2\/pages\/7590\/revisions\/18655"}],"up":[{"embeddable":true,"href":"https:\/\/www.ciriec.uliege.be\/en\/wp-json\/wp\/v2\/pages\/5411"}],"wp:featuredmedia":[{"embeddable":true,"href":"https:\/\/www.ciriec.uliege.be\/en\/wp-json\/wp\/v2\/media\/4978"}],"wp:attachment":[{"href":"https:\/\/www.ciriec.uliege.be\/en\/wp-json\/wp\/v2\/media?parent=7590"}],"curies":[{"name":"wp","href":"https:\/\/api.w.org\/{rel}","templated":true}]}}