{"id":5786,"date":"2015-11-30T23:57:51","date_gmt":"2015-11-30T22:57:51","guid":{"rendered":"http:\/\/www.ciriec.ulg.ac.be\/en\/agenda-des-reunions-du-ciriec\/"},"modified":"2016-01-22T17:27:37","modified_gmt":"2016-01-22T16:27:37","slug":"ciriec-meetings-calendar","status":"publish","type":"page","link":"https:\/\/www.ciriec.uliege.be\/en\/ciriec-meetings-calendar\/","title":{"rendered":"CIRIEC meetings calendar"},"content":{"rendered":"<p><strong>Calendrier des r\u00e9unions administratives, des r\u00e9unions scientifiques et des r\u00e9unions de la revue &#8216;Annales de l&#8217;\u00e9conomie publique, sociale et coop\u00e9rative&#8221;.<\/strong><\/p>\n<p><strong>Calendar of administrative meetings, scientific meetings and journal &#8216;Annals of Public\u00a0and Cooperative Economics&#8221; meetings.<\/strong><\/p>\n\n","protected":false},"excerpt":{"rendered":"<p>Calendrier des r\u00e9unions administratives, des r\u00e9unions scientifiques et des r\u00e9unions de la revue &#8216;Annales de l&#8217;\u00e9conomie publique, sociale et coop\u00e9rative&#8221;. Calendar of administrative meetings, scientific meetings and journal &#8216;Annals of Public\u00a0and Cooperative Economics&#8221; meetings.<\/p>\n","protected":false},"author":1,"featured_media":0,"parent":0,"menu_order":101,"comment_status":"closed","ping_status":"closed","template":"","meta":[],"_links":{"self":[{"href":"https:\/\/www.ciriec.uliege.be\/en\/wp-json\/wp\/v2\/pages\/5786"}],"collection":[{"href":"https:\/\/www.ciriec.uliege.be\/en\/wp-json\/wp\/v2\/pages"}],"about":[{"href":"https:\/\/www.ciriec.uliege.be\/en\/wp-json\/wp\/v2\/types\/page"}],"author":[{"embeddable":true,"href":"https:\/\/www.ciriec.uliege.be\/en\/wp-json\/wp\/v2\/users\/1"}],"replies":[{"embeddable":true,"href":"https:\/\/www.ciriec.uliege.be\/en\/wp-json\/wp\/v2\/comments?post=5786"}],"version-history":[{"count":3,"href":"https:\/\/www.ciriec.uliege.be\/en\/wp-json\/wp\/v2\/pages\/5786\/revisions"}],"predecessor-version":[{"id":5939,"href":"https:\/\/www.ciriec.uliege.be\/en\/wp-json\/wp\/v2\/pages\/5786\/revisions\/5939"}],"wp:attachment":[{"href":"https:\/\/www.ciriec.uliege.be\/en\/wp-json\/wp\/v2\/media?parent=5786"}],"curies":[{"name":"wp","href":"https:\/\/api.w.org\/{rel}","templated":true}]}}