{"id":5783,"date":"2016-01-19T16:32:07","date_gmt":"2016-01-19T15:32:07","guid":{"rendered":"http:\/\/www.ciriec.ulg.ac.be\/en\/our-network\/recherches-partenariats\/bitilo\/"},"modified":"2026-02-09T14:49:51","modified_gmt":"2026-02-09T13:49:51","slug":"bitilo","status":"publish","type":"page","link":"https:\/\/www.ciriec.uliege.be\/en\/our-network\/recherches-partenariats\/bitilo\/","title":{"rendered":"INTERNATIONAL LABOUR ORGANIZATION"},"content":{"rendered":"<p><img loading=\"lazy\" class=\"size-medium wp-image-18017 aligncenter\" src=\"https:\/\/www.ciriec.uliege.be\/wp-content\/uploads\/2024\/12\/ILO-2022-1000x392-1-300x118.png\" alt=\"\" width=\"300\" height=\"118\" srcset=\"https:\/\/www.ciriec.uliege.be\/wp-content\/uploads\/2024\/12\/ILO-2022-1000x392-1-300x118.png 300w, https:\/\/www.ciriec.uliege.be\/wp-content\/uploads\/2024\/12\/ILO-2022-1000x392-1-768x301.png 768w, https:\/\/www.ciriec.uliege.be\/wp-content\/uploads\/2024\/12\/ILO-2022-1000x392-1.png 1000w\" sizes=\"(max-width: 300px) 100vw, 300px\" \/><\/p>\n<p><em>\u00ab\u00a0C\u2019est en 1953, \u00e0 Gen\u00e8ve, lors de son 1<sup>er<\/sup> congr\u00e8s sur l\u2019\u00e9conomie collective que le CIRIEC a acquis sa reconnaissance internationale, congr\u00e8s organis\u00e9 fort opportun\u00e9ment la veille d\u2019une assembl\u00e9e g\u00e9n\u00e9rale de l\u2019Organisation Internationale du Travail\u00a0\u00bb<\/em> A. Arnaud <em>(Br\u00e8ves, CIRIEC-France, juillet-ao\u00fbt 2019)<\/em><\/p>\n<div class=\"gdlr-shortcode-wrapper\"><div class=\"gdlr-item gdlr-accordion-item style-1\"  ><div class=\"accordion-tab active pre-active\" ><h4 class=\"accordion-title\" ><i class=\"fa fa-minus icon-minus\" ><\/i><span><strong>General partnerships<\/strong><\/span><\/h4><div class=\"accordion-content\"><\/p>\n<p>A Memorandum of Understanding (MoU) was signed in summer 2019 to revive the permanent collaboration between the International Labour Organisation (ILO) and CIRIEC.\u00a0 The MoU thus pursues the cooperation developed at the beginning of the 20<sup>th<\/sup> century between Edgard Milhaud and Albert Thomas or Edward Phelan, both founders and leaders of the ILO.<\/p>\n<p>The purpose is a more active collaboration on Social and Solidarity Economy (SSE) and the Sustainable Development Goals to better face the major challenges of today and tomorrow at political, economic and social level.<\/p>\n<p>CIRIEC and the ILO mutually commit to further developing their partnerships by means of coordination, mutual assistance and co-organisation of projects and events, as well as sharing research results and communicating scientific findings.<\/p>\n<p>The ILO, founded in 1919 as part of the League of Nations, is currently a UN agency with 187 member states and whose vocation is to promote social justice, human rights and internationally recognized labour rights, pursuing its founding mission: striving for social justice, which is essential for a lasting and universal peace.<\/p>\n<p>As a tripartite institution, the ILO brings together governments, employers and workers for joint action to promote rights at work, encourage the creation of decent jobs, develop social protection and strengthen social dialogue in the field of labour.<\/p>\n<p>The ILO is developing its work on poverty reduction, fair globalization, decent work and sustainable development, issues that CIRIEC fully shares.<\/p>\n<p>\n<\/div><\/div><\/div><\/div>\n<div class=\"gdlr-shortcode-wrapper\"><div class=\"gdlr-item gdlr-accordion-item style-1\"  ><div class=\"accordion-tab\" ><h4 class=\"accordion-title\" ><i class=\"fa fa-plus icon-plus\" ><\/i><span><strong>ILO Academy on ESS<\/strong><\/span><\/h4><div class=\"accordion-content\"><\/p>\n<p>In 2010, the ILO International Training Centre (ITC) launched the first Interregional Academy on Social and Solidarity Economy, which was a decisive step towards building a global consensus on the key characteristics and universal principles of the SSE and its organizations and enterprises. This first edition of the Academy was organized in partnership with the European Economic and Social Committee (EESC) and in collaboration with CIRIEC.<\/p>\n<p>More than experiencing training, they enjoyed the opportunity to network and exchange their experiences and ideas.\u00a0The ILO and its partners are committed to promoting the SSE through many activities, from the local to the regional level.<\/p>\n<p>Since 2010, several editions of the Academy were held and each meeting\u00a0is the source of a new guide. All documents of all Academy are available:<\/p>\n<ul>\n<li><a href=\"http:\/\/ssecollectivebrain.net\/1st-sse-academy-turin\/\" target=\"_blank\" rel=\"noopener\"><strong>1<sup>st<\/sup>\u00a0<\/strong><\/a><strong><a href=\"http:\/\/ssecollectivebrain.net\/10th-sse-academy-turin\/\" target=\"_blank\" rel=\"noopener\">Social and Solidarity Economy Academy<\/a> <a href=\"http:\/\/ssecollectivebrain.net\/10th-sse-academy-turin\/\" target=\"_blank\" rel=\"noopener\">(Turin, Italy),\u00a025-29 October 2010<\/a><\/strong><\/li>\n<li><a href=\"http:\/\/ssecollectivebrain.net\/2nd-sse-academy-montreal\/\" target=\"_blank\" rel=\"noopener\"><strong>2<sup>nd<\/sup>\u00a0<\/strong><\/a><strong><a href=\"http:\/\/ssecollectivebrain.net\/10th-sse-academy-turin\/\" target=\"_blank\" rel=\"noopener\">Social and Solidarity Economy Academy<\/a> <a href=\"http:\/\/ssecollectivebrain.net\/2nd-sse-academy-montreal\/\" target=\"_blank\" rel=\"noopener\">(Montreal, Canada),\u00a024-28 October 2011<\/a><\/strong><\/li>\n<li><a href=\"http:\/\/ssecollectivebrain.net\/3rd-sse-academy-morocco\/\" target=\"_blank\" rel=\"noopener\"><strong>3<sup>rd<\/sup>\u00a0<\/strong><\/a><strong><a href=\"http:\/\/ssecollectivebrain.net\/10th-sse-academy-turin\/\" target=\"_blank\" rel=\"noopener\">Social and Solidarity Economy Academy<\/a> <a href=\"http:\/\/ssecollectivebrain.net\/3rd-sse-academy-morocco\/\" target=\"_blank\" rel=\"noopener\">(Agadir, Morocco), 8-12 April 2013<\/a><\/strong><\/li>\n<li><a href=\"http:\/\/ssecollectivebrain.net\/4th-sse-academy-brazil\/\" target=\"_blank\" rel=\"noopener\"><strong>4<sup>th<\/sup>\u00a0<\/strong><\/a><strong><a href=\"http:\/\/ssecollectivebrain.net\/10th-sse-academy-turin\/\" target=\"_blank\" rel=\"noopener\">Social and Solidarity Economy Academy<\/a> <a href=\"http:\/\/ssecollectivebrain.net\/4th-sse-academy-brazil\/\" target=\"_blank\" rel=\"noopener\">(Campinas, Brasil),\u00a028 July-1 August 2014<\/a><\/strong><\/li>\n<li><a href=\"http:\/\/ssecollectivebrain.net\/5th-sse-academy-johannesburg\/\" target=\"_blank\" rel=\"noopener\"><strong>5<sup>th<\/sup>\u00a0<\/strong><\/a><strong><a href=\"http:\/\/ssecollectivebrain.net\/10th-sse-academy-turin\/\" target=\"_blank\" rel=\"noopener\">Social and Solidarity Economy Academy<\/a> <a href=\"http:\/\/ssecollectivebrain.net\/5th-sse-academy-johannesburg\/\" target=\"_blank\" rel=\"noopener\">(Johannesburg, South Africa),\u00a027-31 July 2014<\/a><\/strong><\/li>\n<li><a href=\"http:\/\/ssecollectivebrain.net\/6th-sse-academy-puebla\/\" target=\"_blank\" rel=\"noopener\"><strong>6<sup>th<\/sup>\u00a0<\/strong><\/a><strong><a href=\"http:\/\/ssecollectivebrain.net\/10th-sse-academy-turin\/\" target=\"_blank\" rel=\"noopener\">Social and Solidarity Economy Academy<\/a> <a href=\"http:\/\/ssecollectivebrain.net\/6th-sse-academy-puebla\/\" target=\"_blank\" rel=\"noopener\">(Puebla, Mexico), 23-27 November 2015<\/a><\/strong><\/li>\n<li><a href=\"https:\/\/drive.google.com\/drive\/folders\/0B4hK77sxP-XKV2J5Q3Y4S2tYQzA\"><strong>7<sup>th<\/sup>\u00a0<\/strong><\/a><strong><a href=\"http:\/\/ssecollectivebrain.net\/10th-sse-academy-turin\/\" target=\"_blank\" rel=\"noopener\">Social and Solidarity Economy Academy<\/a>\u00a0<a href=\"http:\/\/ssecollectivebrain.net\/7th-sse-academy-costa-rica\/\" target=\"_blank\" rel=\"noopener\">(San Jose, Costa Rica), 21-25 November 2016<\/a><\/strong><\/li>\n<li><a href=\"http:\/\/ssecollectivebrain.net\/8th-sse-academy-seoul\/\" target=\"_blank\" rel=\"noopener\"><strong>8<sup>th<\/sup>\u00a0<\/strong><\/a><strong><a href=\"http:\/\/ssecollectivebrain.net\/10th-sse-academy-turin\/\" target=\"_blank\" rel=\"noopener\">Social and Solidarity Economy Academy<\/a> <a href=\"http:\/\/ssecollectivebrain.net\/8th-sse-academy-seoul\/\" target=\"_blank\" rel=\"noopener\">(Seoul, South Korea), 26-30 June 2017<\/a><\/strong><\/li>\n<li><a href=\"http:\/\/ssecollectivebrain.net\/9th-sse-academy-luxembourg\/\" target=\"_blank\" rel=\"noopener\"><strong>9<sup>th<\/sup>\u00a0<\/strong><\/a><strong><a href=\"http:\/\/ssecollectivebrain.net\/10th-sse-academy-turin\/\" target=\"_blank\" rel=\"noopener\">Social and Solidarity Economy Academy<\/a> <a href=\"http:\/\/ssecollectivebrain.net\/9th-sse-academy-luxembourg\/\" target=\"_blank\" rel=\"noopener\">(Luxembourg City, Luxembourg), 25-29 September 2017<\/a><\/strong><\/li>\n<li><a href=\"http:\/\/ssecollectivebrain.net\/10th-sse-academy-turin\/\" target=\"_blank\" rel=\"noopener\"><strong>10<\/strong><\/a><strong><a href=\"http:\/\/ssecollectivebrain.net\/9th-sse-academy-luxembourg\/\" target=\"_blank\" rel=\"noopener\"><sup>th<\/sup><\/a> <a href=\"http:\/\/ssecollectivebrain.net\/10th-sse-academy-turin\/\" target=\"_blank\" rel=\"noopener\">Social and Solidarity Economy Academy (Turin, Italy), 3-7 June 2019<\/a><\/strong><\/li>\n<li><a href=\"http:\/\/ssecollectivebrain.net\/2019\/08\/20\/11th-social-and-solidarity-economy-academy-the-social-economy-in-the-future-of-work\/\" target=\"_blank\" rel=\"noopener\"><strong>11<\/strong><\/a><strong><a href=\"http:\/\/ssecollectivebrain.net\/9th-sse-academy-luxembourg\/\" target=\"_blank\" rel=\"noopener\"><sup>th<\/sup><\/a> <\/strong><strong><a href=\"http:\/\/ssecollectivebrain.net\/10th-sse-academy-turin\/\" target=\"_blank\" rel=\"noopener\">Social and Solidarity Economy Academy<\/a> <a href=\"http:\/\/ssecollectivebrain.net\/2019\/08\/20\/11th-social-and-solidarity-economy-academy-the-social-economy-in-the-future-of-work\/\" target=\"_blank\" rel=\"noopener\">(Madrid, Spain), <\/a><\/strong><a href=\"http:\/\/ssecollectivebrain.net\/2019\/08\/20\/11th-social-and-solidarity-economy-academy-the-social-economy-in-the-future-of-work\/\" target=\"_blank\" rel=\"noopener\"><strong>14-18 October 2019<\/strong><\/a><\/li>\n<li><a href=\"http:\/\/ssecollectivebrain.net\/2021\/11\/15\/12th-ilo-academy-on-social-and-solidarity-economy-lisbon-portugal-15-26-nov-2021\/\" target=\"_blank\" rel=\"noopener\"><strong>12<\/strong><strong><sup>th<\/sup> <\/strong><strong>Social and Solidarity Economy Academy (Lisbon, Portugal), <\/strong><strong>15-26 November 2021<\/strong><\/a><\/li>\n<\/ul>\n<div class=\"frcoll\">\n<div class=\"image_frame image_item no_link scale-with-grid alignnone no_border\"><\/div>\n<\/div>\n<table>\n<tbody>\n<tr>\n<td style=\"text-align: center;\" width=\"101\"><img loading=\"lazy\" class=\"alignnone size-full wp-image-5104\" src=\"https:\/\/www.ciriec.uliege.be\/wp-content\/uploads\/2015\/12\/ILO.jpg\" alt=\"\" width=\"189\" height=\"150\" \/><\/td>\n<td style=\"text-align: center;\" width=\"101\"><img loading=\"lazy\" class=\"alignnone size-full wp-image-5104\" src=\"https:\/\/www.ciriec.uliege.be\/wp-content\/uploads\/2015\/12\/ILO.jpg\" alt=\"\" width=\"189\" height=\"150\" \/><\/td>\n<td style=\"text-align: center;\" width=\"101\"><img loading=\"lazy\" class=\"alignnone size-full wp-image-5104\" src=\"https:\/\/www.ciriec.uliege.be\/wp-content\/uploads\/2015\/12\/ILO.jpg\" alt=\"\" width=\"189\" height=\"150\" \/><\/td>\n<td style=\"text-align: center;\" width=\"101\"><img loading=\"lazy\" class=\"alignnone size-full wp-image-5104\" src=\"https:\/\/www.ciriec.uliege.be\/wp-content\/uploads\/2015\/12\/ILO.jpg\" alt=\"\" width=\"189\" height=\"150\" \/><\/td>\n<td style=\"text-align: center;\" width=\"101\"><img loading=\"lazy\" class=\"alignnone size-full wp-image-5104\" src=\"https:\/\/www.ciriec.uliege.be\/wp-content\/uploads\/2015\/12\/ILO.jpg\" alt=\"\" width=\"189\" height=\"150\" \/><\/td>\n<td width=\"101\"><img loading=\"lazy\" class=\"alignnone size-full wp-image-5104\" src=\"https:\/\/www.ciriec.uliege.be\/wp-content\/uploads\/2015\/12\/ILO.jpg\" alt=\"\" width=\"189\" height=\"150\" \/><\/td>\n<td style=\"text-align: center;\" width=\"101\"><img loading=\"lazy\" class=\"alignnone size-full wp-image-5104\" src=\"https:\/\/www.ciriec.uliege.be\/wp-content\/uploads\/2015\/12\/ILO.jpg\" alt=\"\" width=\"189\" height=\"150\" \/><\/td>\n<\/tr>\n<tr>\n<td style=\"text-align: center;\" width=\"101\">Basic Reader<br \/>\n<a href=\"https:\/\/drive.google.com\/file\/d\/0B4hK77sxP-XKbGU0SkVLZzdnRHc\/view\">EN<\/a>\u00a0&#8211; <a href=\"https:\/\/drive.google.com\/file\/d\/0B4hK77sxP-XKLVRJMzVncDhHVkE\/view\">ES<\/a><br \/>\n<a href=\"https:\/\/drive.google.com\/file\/d\/0B4hK77sxP-XKSEg5eXlPYnpCQ2M\/view\">FR<\/a> &#8211; <a href=\"https:\/\/drive.google.com\/file\/d\/0B4hK77sxP-XKdzVTODZyaExpV0k\/view\">PT<\/a><\/td>\n<td style=\"text-align: center;\" width=\"101\">Basic Reader on SSE and South-South Cooperation <a href=\"https:\/\/drive.google.com\/file\/d\/0B4hK77sxP-XKUFd1TVY5MEl6ckU\/view\">EN\u00a0<\/a>&#8211; <a href=\"https:\/\/drive.google.com\/file\/d\/0B4hK77sxP-XKeXF1eTVJWVRkaU0\/view\">ES <\/a>&#8211;\u00a0<a href=\"https:\/\/drive.google.com\/file\/d\/0B4hK77sxP-XKRUtSZi1oaTNvazA\/view\">PT<\/a><\/td>\n<td style=\"text-align: center;\" width=\"101\">Reader 2010<br \/>\n<a href=\"https:\/\/drive.google.com\/file\/d\/0B4hK77sxP-XKREd3Umx5QnZXY2s\/view\">EN\u00a0<\/a>&#8211; <a href=\"https:\/\/drive.google.com\/file\/d\/0B4hK77sxP-XKSVJoQzJwZXNPZXM\/view\">ES <\/a>&#8211; <a href=\"https:\/\/drive.google.com\/file\/d\/0B4hK77sxP-XKV3lZUzFqcnZxbEU\/view\">FR<\/a><\/td>\n<td style=\"text-align: center;\" width=\"101\">Reader 2011<br \/>\n<a href=\"https:\/\/drive.google.com\/file\/d\/0B4hK77sxP-XKY3JBUlJueDdrZEk\/view\">EN\u00a0<\/a>&#8211; <a href=\"https:\/\/drive.google.com\/file\/d\/0B4hK77sxP-XKM1N4ck5FNG1WdTQ\/view\">ES <\/a>&#8211; <a href=\"https:\/\/drive.google.com\/file\/d\/0B4hK77sxP-XKZjB3QWw0MkVzWG8\/view\">FR<\/a><\/td>\n<td style=\"text-align: center;\" width=\"101\">Reader 2013<br \/>\n<a href=\"https:\/\/drive.google.com\/file\/d\/0B4hK77sxP-XKTHdtVXdPN2pWT1E\/view\">EN\u00a0<\/a>&#8211; <a href=\"https:\/\/drive.google.com\/file\/d\/0B4hK77sxP-XKcjlJUGg4aVgyYkk\/view\">FR<\/a><\/td>\n<td style=\"text-align: center;\">Reader 2014<br \/>\n<a href=\"https:\/\/drive.google.com\/file\/d\/0B4hK77sxP-XKR19kRDRJNEt6Ukk\/view\">EN\u00a0<\/a>&#8211; <a href=\"https:\/\/drive.google.com\/file\/d\/0B4hK77sxP-XKM1N4ck5FNG1WdTQ\/view\">ES <\/a>&#8211; <a href=\"https:\/\/drive.google.com\/file\/d\/0B4hK77sxP-XKOENycTduQ3ZUVGM\/view\">FR<\/a><\/p>\n<p style=\"text-align: center;\">\n<\/td>\n<td style=\"text-align: center;\" width=\"101\">Reader 2019<br \/>\n<a href=\"https:\/\/drive.google.com\/file\/d\/1YmtoFlxKwOwcLiRAPa5Fwx93GA3V3Q75\/view\">ES<\/a><\/td>\n<\/tr>\n<\/tbody>\n<\/table>\n<p>\n<\/div><\/div><\/div><\/div>\n<div class=\"gdlr-shortcode-wrapper\"><div class=\"gdlr-item gdlr-accordion-item style-1\"  ><div class=\"accordion-tab\" ><h4 class=\"accordion-title\" ><i class=\"fa fa-plus icon-plus\" ><\/i><span><strong>The SSE Collective Brain<\/strong><\/span><\/h4><div class=\"accordion-content\"><\/p>\n<p>The <strong>Collective Brain of the SSE Academy<\/strong> is a virtual interactive space aiming to enrich the Social and Solidarity Economy Academy. Its purpose is to allow that participants and former participants keep involved, exchange and deepen knowledge. This is a virtual multilingual space which tries to reproduce and enhance, all year long, the presential dynamics of the academy.<br \/>\nMore info:\u00a0<a href=\"http:\/\/ssecollectivebrain.net\/\"><strong>http:\/\/ssecollectivebrain.net\/<\/strong><\/a><strong>\u00a0<\/strong><\/p>\n<p>\n<\/div><\/div><\/div><\/div>\n<div class=\"gdlr-shortcode-wrapper\"><div class=\"gdlr-item gdlr-accordion-item style-1\"  ><div class=\"accordion-tab\" ><h4 class=\"accordion-title\" ><i class=\"fa fa-plus icon-plus\" ><\/i><span><strong>Permanent Observer of the ILO (within the framework of civil society NGOs)<\/strong><\/span><\/h4><div class=\"accordion-content\"><\/p>\n<p>CIRIEC is included in the Special List of International Non-Governmental Organisations of the ILO, which share the principles and objectives of the ILO (<a href=\"https:\/\/www.ilo.org\/pardev\/partnerships\/civil-society\/ngos\/ilo-special-list-of-ngos\/lang--en\/index.htm\" target=\"_blank\" rel=\"noopener\">https:\/\/www.ilo.org\/pardev\/partnerships\/civil-society\/ngos\/ilo-special-list-of-ngos\/lang&#8211;en\/index.htm<\/a>).<\/p>\n<p>The ILO Special List was set up in 1956 to establish working relations with NGIOs other than employers&#8217; and workers&#8217; organizations, which also share the principles and objectives of the ILO Constitution and Declaration of Philadelphia.<\/p>\n<p>Further, CIRIEC and ILO exchange their respective reviews:<\/p>\n<ul>\n<li><em>the Annals<\/em> of CIRIEC on the one hand,<\/li>\n<li>the<em> International Labour Review<\/em>, the <em>Official Bulletin of the ILO<\/em> and the Reports of the Director-General on International Labour Conferences on the other.<\/li>\n<\/ul>\n<p>\n<\/div><\/div><\/div><\/div>\n","protected":false},"excerpt":{"rendered":"<p>\u00ab\u00a0C\u2019est en 1953, \u00e0 Gen\u00e8ve, lors de son 1er congr\u00e8s sur l\u2019\u00e9conomie collective que le CIRIEC a acquis sa reconnaissance internationale, congr\u00e8s organis\u00e9 fort opportun\u00e9ment la veille d\u2019une assembl\u00e9e g\u00e9n\u00e9rale de l\u2019Organisation Internationale du Travail\u00a0\u00bb A. Arnaud (Br\u00e8ves, CIRIEC-France, juillet-ao\u00fbt 2019)<\/p>\n","protected":false},"author":6,"featured_media":19214,"parent":5773,"menu_order":130,"comment_status":"closed","ping_status":"closed","template":"","meta":[],"_links":{"self":[{"href":"https:\/\/www.ciriec.uliege.be\/en\/wp-json\/wp\/v2\/pages\/5783"}],"collection":[{"href":"https:\/\/www.ciriec.uliege.be\/en\/wp-json\/wp\/v2\/pages"}],"about":[{"href":"https:\/\/www.ciriec.uliege.be\/en\/wp-json\/wp\/v2\/types\/page"}],"author":[{"embeddable":true,"href":"https:\/\/www.ciriec.uliege.be\/en\/wp-json\/wp\/v2\/users\/6"}],"replies":[{"embeddable":true,"href":"https:\/\/www.ciriec.uliege.be\/en\/wp-json\/wp\/v2\/comments?post=5783"}],"version-history":[{"count":10,"href":"https:\/\/www.ciriec.uliege.be\/en\/wp-json\/wp\/v2\/pages\/5783\/revisions"}],"predecessor-version":[{"id":19262,"href":"https:\/\/www.ciriec.uliege.be\/en\/wp-json\/wp\/v2\/pages\/5783\/revisions\/19262"}],"up":[{"embeddable":true,"href":"https:\/\/www.ciriec.uliege.be\/en\/wp-json\/wp\/v2\/pages\/5773"}],"wp:featuredmedia":[{"embeddable":true,"href":"https:\/\/www.ciriec.uliege.be\/en\/wp-json\/wp\/v2\/media\/19214"}],"wp:attachment":[{"href":"https:\/\/www.ciriec.uliege.be\/en\/wp-json\/wp\/v2\/media?parent=5783"}],"curies":[{"name":"wp","href":"https:\/\/api.w.org\/{rel}","templated":true}]}}