{"id":5451,"date":"2015-08-12T19:33:53","date_gmt":"2015-08-12T18:33:53","guid":{"rendered":"http:\/\/www.ciriec.ulg.ac.be\/en\/qui-sommes-nous\/instances\/administratives\/"},"modified":"2024-11-12T10:16:02","modified_gmt":"2024-11-12T09:16:02","slug":"administratives","status":"publish","type":"page","link":"https:\/\/www.ciriec.uliege.be\/en\/who-we-are\/instances\/administratives\/","title":{"rendered":"General administration bodies"},"content":{"rendered":"<p>General administration bodies consist of several bodies:<\/p>\n<ul>\n<li>The\u00a0<strong>Praesidium<\/strong>.<\/li>\n<li>The <strong>Board of Directors<\/strong> is composed by 1-2 delegates from each national section.<\/li>\n<li>The\u00a0<strong>International Board <\/strong>is a body of exchange, advice and debate. It participates in the definition of the orientations concerning the research topics, the publications, the research conferences and international congresses of CIRIEC. It is composed by delegates from National Sections, Affiliated members and Observers.<\/li>\n<li><strong>The biennial General Assembly.\u00a0<\/strong>It meets every two years, on the occasion of the international Congresses of CIRIEC.<\/li>\n<li>The\u00a0<a href=\"\/dev?page_id=5442\"><strong>International Secretariat<\/strong><\/a>\u00a0provides the daily management of CIRIEC activities and attends to the good functioning of all bodies.<\/li>\n<\/ul>\n<p><strong>\u00a0<\/strong><\/p>\n<p><strong>Praesidium 2024-2026:<\/strong><\/p>\n<p><em>Honorary Presidents:<\/em><br \/>\nAlain ARNAUD, President of CIRIEC-France; former President of the Mutualit\u00e9 Fonction Publique (MFP); Honorary Board Member of the Mutualit\u00e9 Fran\u00e7aise<br \/>\nL\u00e9opold BEAULIEU, Honorary President of CIRIEC-Canada; Founder and former President and CEO of FondAction, Development Fund for Cooperation and Employment of the Confederation of National Trade Unions (CNTU)<br \/>\nJos\u00e9 Luis MONZ\u00d3N CAMPOS, Executive Director of CIRIEC-Spain; Professor, University of Valencia;\u00a0Vice-President of CIRIEC in charge of relations with Latin America<\/p>\n<p><em>President:<\/em><br \/>\nBernard THIRY, Former CEO of Ethias; Chairman of SOCOFE; Director of public and social economy enterprises, Belgium<\/p>\n<p><em>Vice-Presidents:<\/em><br \/>\nErich HAIDER, Chief Executive Director, Linz AG; Vice-President of CIRIEC-Austria<br \/>\nAdoraci\u00f3n MOZAS MORAL, President of CIRIEC-Spain; Professor, University of Ja\u00e9n<br \/>\nMarietta BUCHELI GOMEZ, Associate Professor, Facultad de Estudios Ambientales y Rurales, Pontificia Universidad Javeriana, Bogot\u00e1<br \/>\nKazuhiko TABATA, Vice-President and Director of CIRIEC-Japan; Professor Hyogo University<\/p>\n<p><em>Director:<\/em>\u00a0 Barbara SAK, General Secretary of CIRIEC-Belgium<\/p>\n<p><em>Treasurer:<\/em>\u00a0 Josly PIETTE, former Federal Minister of Employment; former President, Management Board of the National Social Security Office (ONSS), Belgium<\/p>\n<p><em>Auditors:<\/em>\u00a0 Yves KOTTELAT, Treasurer of CIRIEC-France ; Jos\u00e9 Alberto PITACAS, former Director of the Studies Office of the General Mutualist Association of Montepio<\/p>\n","protected":false},"excerpt":{"rendered":"<p>General administration bodies consist of several bodies: The\u00a0Praesidium. The Board of Directors is composed by 1-2 delegates from each national section. The\u00a0International Board is a body of exchange, advice and debate. It participates in the definition of the orientations concerning the research topics, the publications, the research conferences and international congresses of CIRIEC. It is&#8230; <\/p>\n<div class=\"clear\"><\/div>\n<p><a href=\"https:\/\/www.ciriec.uliege.be\/en\/who-we-are\/instances\/administratives\/\" class=\"gdlr-button with-border excerpt-read-more\">Read More<\/a><\/p>\n","protected":false},"author":1,"featured_media":4994,"parent":5445,"menu_order":141,"comment_status":"closed","ping_status":"closed","template":"","meta":[],"_links":{"self":[{"href":"https:\/\/www.ciriec.uliege.be\/en\/wp-json\/wp\/v2\/pages\/5451"}],"collection":[{"href":"https:\/\/www.ciriec.uliege.be\/en\/wp-json\/wp\/v2\/pages"}],"about":[{"href":"https:\/\/www.ciriec.uliege.be\/en\/wp-json\/wp\/v2\/types\/page"}],"author":[{"embeddable":true,"href":"https:\/\/www.ciriec.uliege.be\/en\/wp-json\/wp\/v2\/users\/1"}],"replies":[{"embeddable":true,"href":"https:\/\/www.ciriec.uliege.be\/en\/wp-json\/wp\/v2\/comments?post=5451"}],"version-history":[{"count":10,"href":"https:\/\/www.ciriec.uliege.be\/en\/wp-json\/wp\/v2\/pages\/5451\/revisions"}],"predecessor-version":[{"id":17718,"href":"https:\/\/www.ciriec.uliege.be\/en\/wp-json\/wp\/v2\/pages\/5451\/revisions\/17718"}],"up":[{"embeddable":true,"href":"https:\/\/www.ciriec.uliege.be\/en\/wp-json\/wp\/v2\/pages\/5445"}],"wp:featuredmedia":[{"embeddable":true,"href":"https:\/\/www.ciriec.uliege.be\/en\/wp-json\/wp\/v2\/media\/4994"}],"wp:attachment":[{"href":"https:\/\/www.ciriec.uliege.be\/en\/wp-json\/wp\/v2\/media?parent=5451"}],"curies":[{"name":"wp","href":"https:\/\/api.w.org\/{rel}","templated":true}]}}