{"id":5424,"date":"2015-08-12T22:49:47","date_gmt":"2015-08-12T21:49:47","guid":{"rendered":"http:\/\/www.ciriec.ulg.ac.be\/en\/recherches\/commission-ep\/themes-en-cours-ep\/theme-recherche-3\/"},"modified":"2022-03-11T16:31:12","modified_gmt":"2022-03-11T15:31:12","slug":"theme-recherche-3","status":"publish","type":"page","link":"https:\/\/www.ciriec.uliege.be\/en\/research\/commission-ep\/themes-en-cours-ep\/theme-recherche-3\/","title":{"rendered":"Major public enterprises: country analysis and policy trends 2014-2017"},"content":{"rendered":"<h4 style=\"text-align: center;\"><strong>Major Public Enterprises (MPE) 2014-2017<\/strong><\/h4>\n<p style=\"padding-left: 60px;\"><em>An ambitious academic research project by:<\/em><\/p>\n<p style=\"text-align: center;\">The EUsers Jean Monnet network<br \/>\n<a href=\"http:\/\/users.unimi.it\/eusers\/about-us\/eusers-objective\" target=\"_blank\" rel=\"noopener\">http:\/\/users.unimi.it\/eusers\/about-us\/eusers-objective<br \/>\n<\/a><em>&amp;<br \/>\n<\/em>CIRIEC International Scientific Commission \u201cPublic Services\/Public Enterprises\u201d<br \/>\n<a href=\"https:\/\/www.ciriec.uliege.be\/en\/pages\/1_1organisation.htm\">https:\/\/www.ciriec.uliege.be\/en\/pages\/1_1organisation.htm<\/a><\/p>\n<p><strong>What has been done so far \u2026<\/strong><\/p>\n<p style=\"padding-left: 60px;\"><strong>Objective of MPE:<\/strong> Collection of papers on country analysis of the role and performance of major public enterprises, all over the world<\/p>\n<p><strong><div class=\"gdlr-shortcode-wrapper\"><div class=\"gdlr-item gdlr-accordion-item style-1\"  ><div class=\"accordion-tab\" ><h4 class=\"accordion-title\" ><i class=\"fa fa-plus icon-plus\" ><\/i><span>How:<\/span><\/h4><div class=\"accordion-content\"><p><\/strong><\/strong><\/p>\n<p>1) Call for papers<\/p>\n<p style=\"padding-left: 30px;\"><strong>\u00a0<\/strong><a href=\"http:\/\/users.unimi.it\/eusers\/wp-content\/uploads\/MEEW_call-for-papers.pdf\" target=\"_blank\" rel=\"noopener\">http:\/\/users.unimi.it\/eusers\/wp-content\/uploads\/MEEW_call-for-papers.pdf<\/a><\/p>\n<p>2) Submission of abstract (500 words)<\/p>\n<p>3) Peer review process: examination by the Steering Committee (see <em>infra<\/em>)<\/p>\n<p>4) Complete country analysis on MPEs (15.000 words)<\/p>\n<p style=\"padding-left: 30px;\"><em>Content of the country study:<\/em><\/p>\n<ul>\n<li>Overview of past trends<\/li>\n<li>Identification of the major players<\/li>\n<li>Governance<\/li>\n<li>Public mission<\/li>\n<li>Public discourse<\/li>\n<li>Evaluation and forecast<\/li>\n<li>Statistical Annex<\/li>\n<\/ul>\n<p>5) Workshop to discuss first drafts (June 2015)<\/p>\n<p><strong>\u00a0<\/p>\n<\/div><\/div><\/div><\/div><\/strong><\/p>\n<p><strong>Achieved results:<\/strong><\/p>\n<ul>\n<li>Complete country analysis on MPEs from 21 countries:\n<ul>\n<li>Algeria, Australia, Austria, Brazil, Canada, Chile, China, Croatia, Finland, France, Germany, Greece, India, Ireland, Italy, Japan, Lithuania, Russia, Switzerland, Turkey and UK.<br \/>\n<a href=\"http:\/\/users.unimi.it\/eusers\/wp-content\/uploads\/MEEW_call-for-papers.pdf\" target=\"_blank\" rel=\"noopener\">http:\/\/users.unimi.it\/eusers\/wp-content\/uploads\/MEEW_call-for-papers.pdf<\/a><\/li>\n<\/ul>\n<\/li>\n<\/ul>\n<ul>\n<li><em>IV Milan European Economy Workshop<\/em> (MEEW) 25-26 June 2015, University of Milano, Italy<br \/>\n<a href=\"http:\/\/users.unimi.it\/eusers\/wp-content\/uploads\/Leaflet-MEEW-2015_25-26-june.pdf\" target=\"_blank\" rel=\"noopener\">http:\/\/users.unimi.it\/eusers\/wp-content\/uploads\/Leaflet-MEEW-2015_25-26-june.pdf<\/a><\/li>\n<\/ul>\n<ul>\n<li>Publications\n<ul>\n<li>CIRIEC WP 2015 on MPE:\n<ul>\n<li>2015\/09 <em>Major Public Enterprises in Croatia \/\u00a0<\/em>Anto BAJO &amp; Marko PRIMORAC<\/li>\n<li>2015\/10 <em>Major Public Enterprises in Germany \/<\/em>\u00a0Christina SCHAEFER &amp; Stephanie WARM<\/li>\n<li>2015\/17 <em>Major Public Enterprises in Turkey: 2005-2013 \/ <\/em>S.\u00a0Burcu AVCI<\/li>\n<li>2015\/18 <em>Is the OECD Model Suitable for Strategic Public Enterprises in Terms of National Development?\u00a0 Reflections from CODELCO Case, Chile \/ \u00a0<\/em>Francisco CATA\u00d1EDA, Diego BARR\u00cdA &amp; Germ\u00e1n ASTORGA<\/li>\n<li>2015\/19 <em>Italian State-Owned Enterprises After Decades of Reforms: Still Public? \/\u00a0<\/em>Stefano CL\u00d2 S., Marco DI GIULIO, Maria Tullia GALANTI &amp; Maddalena SORRENTINO<\/li>\n<li>2015\/20 <em>The Organisation of Services of General Interest in Finland \/\u00a0<\/em>Johan WILLNER &amp; Sonja GR\u00d6NBLOM<br \/>\n<a href=\"https:\/\/www.ciriec.uliege.be\/publications\/wp\/\">https:\/\/www.ciriec.uliege.be\/publications\/wp\/<\/a><\/li>\n<\/ul>\n<\/li>\n<li>\u00a0Special issue 2016 of <em>Economia Pubblica<\/em> on \u201cRationales, performance and governance of public enterprises\u201d<br \/>\n<a href=\"http:\/\/users.unimi.it\/eusers\/wp-content\/uploads\/Rationales-performance-and-governance-of-public-enterprises_New-deadline.pdf\" target=\"_blank\" rel=\"noopener\">http:\/\/users.unimi.it\/eusers\/wp-content\/uploads\/Rationales-performance-and-governance-of-public-enterprises_New-deadline.pdf<\/a><\/li>\n<\/ul>\n<\/li>\n<\/ul>\n<p><strong>What is coming next \u2026<\/strong><\/p>\n<p><strong>Follow-up 2016<\/strong><strong>\u00a0<\/strong><\/p>\n<ul>\n<li>NEW CALL FOR PAPERS: \u201cState-Owned Enterprises: national experiences\u201d\u00a0(for the special issue of the <em>Annals of Public and Cooperative Economics (APCE),<\/em> Luc Bernier and Eoin Reeves <em>Eds<\/em>)<br \/>\n<a href=\"https:\/\/www.ciriec.uliege.be\/wp-content\/uploads\/2016\/04\/APCE-call-for-papers-sept2016.pdf\" target=\"_blank\" rel=\"noopener\">https:\/\/www.ciriec.uliege.be\/wp-content\/uploads\/2016\/04\/APCE-call-for-papers-sept2016.pdf<\/a><\/li>\n<\/ul>\n<ul>\n<li>Second workshop foreseen in 2016<\/li>\n<li>Opportunity of publications:<\/li>\n<li>Possibly another special issue in an international journal<\/li>\n<li>An edited book with an international publisher<\/li>\n<\/ul>\n<p><strong>\u00a0<\/strong><strong>The jury\u00a0<\/strong><\/p>\n<p>Steering Committee of the research:<\/p>\n<ul>\n<li>Massimo Florio, University of Milano, Italy;\u00a0<a href=\"http:\/\/users.unimi.it\/eusers\/team\/m-florio\/\" target=\"_blank\" rel=\"noopener\">http:\/\/users.unimi.it\/eusers\/team\/m-florio\/<\/a><\/li>\n<\/ul>\n<ul>\n<li>Gabriel Obermann, WU Vienna University of Economics and Business, Austria;\u00a0<a href=\"http:\/\/users.unimi.it\/eusers\/team\/g-obermann\/\" target=\"_blank\" rel=\"noopener\">http:\/\/users.unimi.it\/eusers\/team\/g-obermann\/<\/a><\/li>\n<\/ul>\n<ul>\n<li>Philippe Bance, University of Rouen, France;\u00a0<a href=\"http:\/\/users.unimi.it\/eusers\/team\/p-bance\/\" target=\"_blank\" rel=\"noopener\">http:\/\/users.unimi.it\/eusers\/team\/p-bance\/<\/a><\/li>\n<\/ul>\n<ul>\n<li>Luc Bernier, ENAP, Canada;<a href=\"http:\/\/www.enap.ca\/enap\/2890\/Informations_professionnelles.enap?view=fonction&amp;indid=295\" target=\"_blank\" rel=\"noopener\">http:\/\/www.enap.ca\/enap\/2890\/Informations_professionnelles.enap?view=fonction&amp;indid=295<\/a><\/li>\n<\/ul>\n","protected":false},"excerpt":{"rendered":"<p>Major Public Enterprises (MPE) 2014-2017 An ambitious academic research project by: The EUsers Jean Monnet network http:\/\/users.unimi.it\/eusers\/about-us\/eusers-objective &amp; CIRIEC International Scientific Commission \u201cPublic Services\/Public Enterprises\u201d https:\/\/www.ciriec.uliege.be\/en\/pages\/1_1organisation.htm What has been done so far \u2026 Objective of MPE: Collection of papers on country analysis of the role and performance of major public enterprises, all over the world&#8230; <\/p>\n<div class=\"clear\"><\/div>\n<p><a href=\"https:\/\/www.ciriec.uliege.be\/en\/research\/commission-ep\/themes-en-cours-ep\/theme-recherche-3\/\" class=\"gdlr-button with-border excerpt-read-more\">Read More<\/a><\/p>\n","protected":false},"author":1,"featured_media":4978,"parent":5414,"menu_order":97,"comment_status":"closed","ping_status":"open","template":"","meta":[],"_links":{"self":[{"href":"https:\/\/www.ciriec.uliege.be\/en\/wp-json\/wp\/v2\/pages\/5424"}],"collection":[{"href":"https:\/\/www.ciriec.uliege.be\/en\/wp-json\/wp\/v2\/pages"}],"about":[{"href":"https:\/\/www.ciriec.uliege.be\/en\/wp-json\/wp\/v2\/types\/page"}],"author":[{"embeddable":true,"href":"https:\/\/www.ciriec.uliege.be\/en\/wp-json\/wp\/v2\/users\/1"}],"replies":[{"embeddable":true,"href":"https:\/\/www.ciriec.uliege.be\/en\/wp-json\/wp\/v2\/comments?post=5424"}],"version-history":[{"count":9,"href":"https:\/\/www.ciriec.uliege.be\/en\/wp-json\/wp\/v2\/pages\/5424\/revisions"}],"predecessor-version":[{"id":15147,"href":"https:\/\/www.ciriec.uliege.be\/en\/wp-json\/wp\/v2\/pages\/5424\/revisions\/15147"}],"up":[{"embeddable":true,"href":"https:\/\/www.ciriec.uliege.be\/en\/wp-json\/wp\/v2\/pages\/5414"}],"wp:featuredmedia":[{"embeddable":true,"href":"https:\/\/www.ciriec.uliege.be\/en\/wp-json\/wp\/v2\/media\/4978"}],"wp:attachment":[{"href":"https:\/\/www.ciriec.uliege.be\/en\/wp-json\/wp\/v2\/media?parent=5424"}],"curies":[{"name":"wp","href":"https:\/\/api.w.org\/{rel}","templated":true}]}}