{"id":5417,"date":"2015-08-12T22:50:18","date_gmt":"2015-08-12T21:50:18","guid":{"rendered":"http:\/\/www.ciriec.ulg.ac.be\/en\/recherches\/commission-ep\/themes-en-cours-ep\/theme-recherche-4\/"},"modified":"2022-03-11T16:35:45","modified_gmt":"2022-03-11T15:35:45","slug":"theme-recherche-4","status":"publish","type":"page","link":"https:\/\/www.ciriec.uliege.be\/en\/research\/commission-ep\/themes-en-cours-ep\/theme-recherche-4\/","title":{"rendered":"The future of the public enterprise: mission, performance and governance 2012-2014"},"content":{"rendered":"<p><strong>&#8220;The future of the public enterprise&#8221;<\/strong>. On the initiative of Prof. Massimo Florio (University of Milan, Italy), the Steering Committee also including President Gabriel Obermann and Profs. Luc Bernier (ENAP, Quebec, Canada) and Philippe Bance (University of Rouen, France) worked up an ambitious research programme for the period 2012-2014 bearing the title <strong>&#8220;The future of the public enterprise: mission, performance and governance&#8221;.<\/strong><\/p>\n<ol>\n<li>a review of the recent scientific literature on the subject, and also for conducting empirical studies.<\/li>\n<li>realization of empirical studies (based on an analysis grid serving as a model, experts were contacted via call for contributions to conduct as many case studies as possible (recent history of a public enterprise in its sectoral, institutional and national setting; analysis of success stories and sticking points, its economic and social performance; etc.).<\/li>\n<li>a study on the public policies conducted for public enterprises, the evolution of missions defined by the public 10 authorities as regards their enterprises, the forms of organisation and governance, and the socio-economic effects and spin-off of public enterprises&#8217; activities.<\/li>\n<\/ol>\n<p>More information can be obtained in<a href=\"https:\/\/www.ciriec.uliege.be\/wp-content\/uploads\/2016\/01\/CIRIEC_project_FUTURE-of-PE2012-2014_-with-template.pdf\" target=\"_blank\" rel=\"noopener\"> the research presentation document<\/a>.<\/p>\n<p>Eager to guarantee a certain degree of visibility of research works and to benefit from the comparison of notes between the different international contributors, three discussion seminars were held in 2013 (in English only). They were a huge success. Each of these were organised around the three main thrusts of the research programme:<\/p>\n<p>&#8211; <strong>Berlin Seminar (14 and 15 February 2013)<\/strong> organised by CIRIEC-Germany and dedicated to theoretical contributions and examination of the existing literature on public enterprise. This international seminar drew some forty members around the theme \u201cPublic Enterprise in the 21st century: Recent advances on public missions and performance &#8211; Theory contributions and literature review\u201d. There were productive exchanges between researchers from many countries (for the most part European, but also from Algeria, Canada and Uruguay).<\/p>\n<p>&#8211; <strong>Milan Seminar (13-14 June 2013)<\/strong> jointly organised by the University of Milan and CIRIEC International, dedicated to 16 public enterprise case histories. Attracting a public of some fifty or so over 2 days, this seminar, entitled \u201cCase histories of public enterprises: learning from success and failure\u201d covered the sectors of public passenger transport, water, energy, finance and other services in the 12 countries (8 in the European Union, plus Algeria, plus Canada, plus Costa Rica plus Uruguay).<\/p>\n<p>&#8211; <strong>Brussels Seminar (9-10 September 2013)<\/strong> jointly organised by CIRIECBelgium and the Universit\u00e9 Libre de Bruxelles, dedicated to more open, multidimensional themes in the study of public enterprise: \u201cPublic Enterprises in the 21st Century: Various issues from regulation, pricing, CSR to marketing and other reflection and case studies\u201d. Some 35 members from 13 countries (8 from the European Union, plus Algeria, Canada, Japan, Peru, Switzerland) experienced 2 days of intense debate around the 15 papers there presented and discussed.<\/p>\n<p>At the end of this working group, several publications have emerged:<\/p>\n<ul>\n<li><a href=\"http:\/\/www.lcdpu.fr\/livre\/?GCOI=27000100500990&amp;fa=sommaire\" target=\"_blank\" rel=\"noopener\">L\u2019internalisation des missions d\u2019int\u00e9r\u00eat g\u00e9n\u00e9ral par les organisations publiques \/ Philippe Bance \u2013 Le comptoir des presses d\u2019universit\u00e9s, 2015<\/a><\/li>\n<li><a href=\"https:\/\/www.peterlang.com\/view\/product\/61915\" target=\"_blank\" rel=\"noopener\">Public Enterprises Today: Missions, Performance and Governance \u00a0\/\u00a0Les entreprises publiques aujourd\u2019hui : missions, performance, gouvernance \/CIRIEC,\u00a0Luc Bernier (ed.\/\u00e9d.) \u2013 Editions Peter Lang, 2015<\/a><\/li>\n<li><a href=\"http:\/\/www.tandfonline.com\/toc\/cira20\/27\/2\" target=\"_blank\" rel=\"noopener\">The International Review of Applied Economics (2013, vol. 27, n\u00b02),\u00a0<span class=\"specialIssueLabel\">Special Issue:<\/span> Public enterprises and quality of institutions: alternatives to privatisation<\/a><\/li>\n<li><a href=\"http:\/\/www.tandfonline.com\/toc\/gpre20\/17\/3\" target=\"_blank\" rel=\"noopener\">Journal of Economic Policy Reform (2014, vol. 17, n\u00b03),\u00a0<span class=\"specialIssueLabel\">Special Issue:<\/span> Critical Issues in Public Enterprise Reform<\/a><\/li>\n<li><a href=\"http:\/\/onlinelibrary.wiley.com\/doi\/10.1111\/apce.2015.86.issue-4\/issuetoc\" target=\"_blank\" rel=\"noopener\">Annals of Public and Cooperative Economics (2015, vol. 86, n\u00b04),\u00a0Special Issue: Serving the general interest with public enterprises new forms of governance and trends in ownership<\/a><\/li>\n<\/ul>\n","protected":false},"excerpt":{"rendered":"<p>&#8220;The future of the public enterprise&#8221;. On the initiative of Prof. Massimo Florio (University of Milan, Italy), the Steering Committee also including President Gabriel Obermann and Profs. Luc Bernier (ENAP, Quebec, Canada) and Philippe Bance (University of Rouen, France) worked up an ambitious research programme for the period 2012-2014 bearing the title &#8220;The future of&#8230; <\/p>\n<div class=\"clear\"><\/div>\n<p><a href=\"https:\/\/www.ciriec.uliege.be\/en\/research\/commission-ep\/themes-en-cours-ep\/theme-recherche-4\/\" class=\"gdlr-button with-border excerpt-read-more\">Read More<\/a><\/p>\n","protected":false},"author":1,"featured_media":4978,"parent":5414,"menu_order":99,"comment_status":"closed","ping_status":"open","template":"","meta":[],"_links":{"self":[{"href":"https:\/\/www.ciriec.uliege.be\/en\/wp-json\/wp\/v2\/pages\/5417"}],"collection":[{"href":"https:\/\/www.ciriec.uliege.be\/en\/wp-json\/wp\/v2\/pages"}],"about":[{"href":"https:\/\/www.ciriec.uliege.be\/en\/wp-json\/wp\/v2\/types\/page"}],"author":[{"embeddable":true,"href":"https:\/\/www.ciriec.uliege.be\/en\/wp-json\/wp\/v2\/users\/1"}],"replies":[{"embeddable":true,"href":"https:\/\/www.ciriec.uliege.be\/en\/wp-json\/wp\/v2\/comments?post=5417"}],"version-history":[{"count":6,"href":"https:\/\/www.ciriec.uliege.be\/en\/wp-json\/wp\/v2\/pages\/5417\/revisions"}],"predecessor-version":[{"id":15149,"href":"https:\/\/www.ciriec.uliege.be\/en\/wp-json\/wp\/v2\/pages\/5417\/revisions\/15149"}],"up":[{"embeddable":true,"href":"https:\/\/www.ciriec.uliege.be\/en\/wp-json\/wp\/v2\/pages\/5414"}],"wp:featuredmedia":[{"embeddable":true,"href":"https:\/\/www.ciriec.uliege.be\/en\/wp-json\/wp\/v2\/media\/4978"}],"wp:attachment":[{"href":"https:\/\/www.ciriec.uliege.be\/en\/wp-json\/wp\/v2\/media?parent=5417"}],"curies":[{"name":"wp","href":"https:\/\/api.w.org\/{rel}","templated":true}]}}