{"id":5376,"date":"2015-08-12T22:38:58","date_gmt":"2015-08-12T21:38:58","guid":{"rendered":"http:\/\/www.ciriec.ulg.ac.be\/en\/theme-de-recherche-1-2\/"},"modified":"2020-06-22T16:31:36","modified_gmt":"2020-06-22T14:31:36","slug":"theme-de-recherche-1-2","status":"publish","type":"page","link":"https:\/\/www.ciriec.uliege.be\/en\/research\/commission-es\/themes-en-cours\/theme-de-recherche-1-2\/","title":{"rendered":"Social and Solidarity Economy (SSE). Between interaction and co-construction"},"content":{"rendered":"<p><strong>\u201cSocial and Solidarity Economy (SSE). Between\u00a0 Interaction and Co-construction\u201d,<\/strong>\u00a0under the coordination of Prof. Nadine Richez-Battesti (University of Aix Marseille-LEST-CNRS, France, <a href=\"mailto:nrichezbattesti@wanadoo.fr\" target=\"_blank\" rel=\"noopener\">nrichezbattesti@wanadoo.fr<\/a>)) and Xabier It\u00e7aina (CR CNRS science politique, Centre E. Durkheim Sciences po Bordeaux, France \u2013 Marie Curie Fellow, European University Institute Florence, <a href=\"mailto:x.itcaina@sciencespobordeaux.fr\" target=\"_blank\" rel=\"noopener\">x.itcaina@sciencespobordeaux.fr<\/a>),\u00a0<em>2013-2016.\u00a0<\/em><a href=\"https:\/\/www.ciriec.uliege.be\/wp-content\/uploads\/2016\/01\/GTCIRIECINT-Territoire2013-XI-NRBdef-vers-ang.pdf\" target=\"_blank\" rel=\"noopener\">Working Program<\/a><\/p>\n<p>The coordinators\u00a0 rallied some twenty researchers from 15 countries (European Union and Canada, Brazil, Colombia, Ecuador and Venezuela) interested in a new discussion theme \u201cSocial and Solidarity Economy (SSE). Between interaction and co-construction\u201d.<\/p>\n<p>The proposed work programme was the subject of a presentation to the Scientific Commission and the Scientific Council of CIRIEC and was adopted in April 2013.<\/p>\n<p>The works ran for two years, taking the form of seminars organised in different countries. They resulted in the production of a collective work:<br \/>\n<strong><a href=\"https:\/\/www.peterlang.com\/view\/title\/68076\" target=\"_blank\" rel=\"noopener\">Social and Solidarity-based Economy and Territory: From Embeddedness to Co-construction \/ CIRIEC, Xabier It\u00e7aina and Nadine Richez-Battesti,\u00a0<\/a><\/strong><a href=\"https:\/\/www.peterlang.com\/view\/title\/68076\" target=\"_blank\" rel=\"noopener\">editions Peter Lang, 2018.<\/a><\/p>\n<p><strong>Book review available <a href=\"https:\/\/www.ciriec.uliege.be\/wp-content\/uploads\/2020\/06\/lang.pdf\" target=\"_blank\" rel=\"noopener\">HERE<\/a><\/strong><\/p>\n<p>On the basis of the gathered expressions of interest and the wishes of the coordinators, two axes served as the main themes of research:<\/p>\n<p>\u2013 the territory as social construction \u2013 the new statutes of the SSE and the renewal of systems: territorial constructions?<\/p>\n<p>Some twenty proposals allow envisaging a publication in three parts:<br \/>\ni) SSE and territory: the crisis and resource for local innovation? (illustrated by partners\u2019 articles from Belgium, Brazil, Italy and Romania)<br \/>\nii) Towards new heterogeneous forms of territorial cooperation? (illustrations from Germany, Colombia, Spain, Basque Country and France)<br \/>\niii) Towards a reterritorialization of the big operators of the SSE (Belgium, Quebec, \u2026).<\/p>\n<div class=\"gdlr-shortcode-wrapper\"><div class=\"gdlr-item gdlr-accordion-item style-1\"  ><div class=\"accordion-tab\" ><h4 class=\"accordion-title\" ><i class=\"fa fa-plus icon-plus\" ><\/i><span><strong>Working group members<\/strong><\/span><\/h4><div class=\"accordion-content\"><\/p>\n<p>Fernando Aponte, Universidad Bolivariana de Venezuela. Trujillo, Venezuela<\/p>\n<p>Leonardo Arguello, Universidad de Los Andes. Trujillo, Venezuela<\/p>\n<p>Miguel Juan Bacic Professor, Institute of Economics of the State University of Campinas (UNICAMP), SP, Brazil.<\/p>\n<p>Baleren Bakaikoa Azurmendi, University of the Basque Autonomous Community, The Institute of Cooperative Law and Social Economy-GEZKI, Pays Basque, Spain.<\/p>\n<p>Cristina Barna, Institute of Social Economy, Civil Society Development Foundation, Romania, and Assoc. Prof. PhD at University of Bucharest, Romania<\/p>\n<p>Susana Bernardino, Polytechnic of Porto\/ISCAP\/CECEJ, Portugal<\/p>\n<p>Andrea Bassi, Associated professor, University of Bologna, Italy<\/p>\n<p>Karl Birkh\u00f6lzer, Interdisciplinary Research Group Local Economy at Technologie-Netzwerk Berlin, Germany<\/p>\n<p>Marie J. Bouchard, Universit\u00e9 du Qu\u00e9bec \u00e0 Montr\u00e9al, Canada<\/p>\n<p>Michelle Bylemans, University of Antwerp, Faculty of Design Sciences, Belgium.<\/p>\n<p>Simon De Nys-Ketels, University of Antwerp, Faculty of Design Sciences, Belgium.<\/p>\n<p>Dani\u00e8le Demoustier, ESEAC-SciencesPo Grenoble, France<\/p>\n<p>Benito D\u00edaz D\u00edaz, Editor de CAYAPA Revista Venezolana de Econom\u00eda Social, Venezuela<\/p>\n<p>Anjel Mari Errasti Amozarrain, University of the Basque Autonomous Community, The Institute of Cooperative Law and Social Economy-GEZKI, Spain<\/p>\n<p>Marc Errotabehere, Universit\u00e9 de Pau et des pays de l\u2019Adour, France<\/p>\n<p>Enekoitz Etxezarreta Etxarri<strong>, <\/strong>University of the Basque Autonomous Community, The Institute of Cooperative Law and Social Economy-GEZKI, Spain<\/p>\n<p>Sara Fabbri, University of Bologna, Italy<\/p>\n<p>Mario Fagiolo, Universidad de Oriente. Cuman\u00e1, Venezuela<\/p>\n<p>Freitas Santos, Polytechnic of Porto\/ISCAP\/CECEJ, Portugal<\/p>\n<p>Julia Graeff, Universidade Federal de Santa Catarina, Brazil<\/p>\n<p>Angel Higuere, Universidad de Los Andes, Trujillo, Venezuela<\/p>\n<p>Xabier It\u00e7aina, Centre Emile Durkheim, Sciences po Bordeaux, France<\/p>\n<p>Alexandrine Lapoutte, Universit\u00e9 de Lyon II, France<\/p>\n<p>Eusebio Lasa Altuna, University of the Basque Country, Spain.<\/p>\n<p>Marie-Claire Malo, HEC Montr\u00e9al, Canada<\/p>\n<p>Deolinda Meira, Polytechnic of Porto\/ISCAP\/CECEJ, Portugal<\/p>\n<p>Leandro Pereira Morais PUCCAMP and FACAMP, Brazil<\/p>\n<p>Nadine Richez-Battesti is a Senior lecturer in economy, LEST-Universit\u00e9 Aix-Marseille, France.<\/p>\n<p>Mauricio Serva : Universidade Federal de Santa Catarina, Brazil<\/p>\n<p>Nathalie Vallet, University of Antwerp, Faculty of Design Sciences, Belgium<\/p>\n<p>Ancu\u0163a Vame\u015fu, Institute of Social Economy, Civil Society Development Foundation, Romania.<\/p>\n<p>Martine V\u00e9zina, HEC Montr\u00e9al, Canada<\/p>\n<p>Tassadit Zerdani, Universit\u00e9 du Qu\u00e9bec \u00e0 Montr\u00e9al, Canada.<\/p>\n<p>\n<\/div><\/div><\/div><\/div>\n","protected":false},"excerpt":{"rendered":"<p>\u201cSocial and Solidarity Economy (SSE). Between\u00a0 Interaction and Co-construction\u201d,\u00a0under the coordination of Prof. Nadine Richez-Battesti (University of Aix Marseille-LEST-CNRS, France, nrichezbattesti@wanadoo.fr)) and Xabier It\u00e7aina (CR CNRS science politique, Centre E. Durkheim Sciences po Bordeaux, France \u2013 Marie Curie Fellow, European University Institute Florence, x.itcaina@sciencespobordeaux.fr),\u00a02013-2016.\u00a0Working Program The coordinators\u00a0 rallied some twenty researchers from 15 countries (European&#8230; <\/p>\n<div class=\"clear\"><\/div>\n<p><a href=\"https:\/\/www.ciriec.uliege.be\/en\/research\/commission-es\/themes-en-cours\/theme-de-recherche-1-2\/\" class=\"gdlr-button with-border excerpt-read-more\">Read More<\/a><\/p>\n","protected":false},"author":1,"featured_media":4978,"parent":5379,"menu_order":73,"comment_status":"closed","ping_status":"open","template":"","meta":[],"_links":{"self":[{"href":"https:\/\/www.ciriec.uliege.be\/en\/wp-json\/wp\/v2\/pages\/5376"}],"collection":[{"href":"https:\/\/www.ciriec.uliege.be\/en\/wp-json\/wp\/v2\/pages"}],"about":[{"href":"https:\/\/www.ciriec.uliege.be\/en\/wp-json\/wp\/v2\/types\/page"}],"author":[{"embeddable":true,"href":"https:\/\/www.ciriec.uliege.be\/en\/wp-json\/wp\/v2\/users\/1"}],"replies":[{"embeddable":true,"href":"https:\/\/www.ciriec.uliege.be\/en\/wp-json\/wp\/v2\/comments?post=5376"}],"version-history":[{"count":11,"href":"https:\/\/www.ciriec.uliege.be\/en\/wp-json\/wp\/v2\/pages\/5376\/revisions"}],"predecessor-version":[{"id":13517,"href":"https:\/\/www.ciriec.uliege.be\/en\/wp-json\/wp\/v2\/pages\/5376\/revisions\/13517"}],"up":[{"embeddable":true,"href":"https:\/\/www.ciriec.uliege.be\/en\/wp-json\/wp\/v2\/pages\/5379"}],"wp:featuredmedia":[{"embeddable":true,"href":"https:\/\/www.ciriec.uliege.be\/en\/wp-json\/wp\/v2\/media\/4978"}],"wp:attachment":[{"href":"https:\/\/www.ciriec.uliege.be\/en\/wp-json\/wp\/v2\/media?parent=5376"}],"curies":[{"name":"wp","href":"https:\/\/api.w.org\/{rel}","templated":true}]}}