{"id":17290,"date":"2024-08-20T12:18:49","date_gmt":"2024-08-20T10:18:49","guid":{"rendered":"https:\/\/www.ciriec.uliege.be\/?page_id=17290"},"modified":"2025-09-26T10:10:03","modified_gmt":"2025-09-26T08:10:03","slug":"collective-publications-in-social-economy-2","status":"publish","type":"page","link":"https:\/\/www.ciriec.uliege.be\/en\/publications\/collective-publications-in-social-economy-2\/","title":{"rendered":"Collective publications in social economy"},"content":{"rendered":"<h4>Collective publications in social economy:<\/h4>\n<p><strong>2025<\/strong><\/p>\n<p><strong><a href=\"https:\/\/www.ciriec.uliege.be\/wp-content\/uploads\/2025\/04\/Oibescoop-livre-MTIN-2024.pdf\" target=\"_blank\" rel=\"noopener\">La econom\u00eda social y solidaria en iberoam\u00e9rica: desaf\u00edos y oportunidades a partir de las resoluciones internacionales de la OIT, OCDE de y Naciones Unidas<\/a>\u00a0<\/strong><strong>\/ <\/strong>edited by OIBESCOOP and CIRIEC ; coord. Roberto di Meglio &amp; Carmen Marcuello<\/p>\n<p><strong>2024<\/strong><\/p>\n<p><strong><a href=\"https:\/\/data.europa.eu\/doi\/10.2826\/880860\" target=\"_blank\" rel=\"noopener\">Benchmarking the socio-economic performance of the EU social economy: Improving the socio-economic knowledge of the proximity and social economy ecosystem<\/a><\/strong> \/ European Commission: European Innovation Council and SMEs Executive Agency, CIRIEC, Euricse, Spatial Foresight, Carini, C. et al; \u00a0Publications Office of the European Union<\/p>\n<p><strong><a href=\"https:\/\/www.ciriec.uliege.be\/wp-content\/uploads\/2025\/02\/CSS6-BOOK.pdf\" target=\"_blank\" rel=\"noopener\">Imagine, Studying the Relationship between Social and Solidarity Economy (SSE) and Imaginary in the Era of Capitalocene<\/a> <\/strong>\/ ed. by CIRIEC, <span lang=\"EN-US\">Alexandrine LAPOUTTE, Timoth\u00e9e DUVERGER and Eric DACHEUX,<i> <\/i>CIRIEC Studies Series 6<\/span><\/p>\n<p><strong><a href=\"https:\/\/www.ciriec.uliege.be\/wp-content\/uploads\/2024\/04\/livre-ES-y-Solidaria-y-Genero.pdf\" target=\"_blank\" rel=\"noopener\">Econom\u00eda social y solidaria y g\u00e9nero: una mirada desde iberoam\u00e9rica<\/a><\/strong>\/ edited by OIBESCOOP and CIRIEC ; coord. Marie J. Bouchard (Universit\u00e9 du Qu\u00e9bec \u00e0 Montr\u00e9al, Canad\u00e1), Carmen Marcuello Serv\u00f3s (Universidad de Zaragoza, OIBESCOOP, Espa\u00f1a), Juan Fernando \u00c1lvarez Rodr\u00edguez (Pontificia Universidad Javeriana, Colombia)<\/p>\n<p><strong>2023<\/strong><\/p>\n<p class=\"cover-image__title\" lang=\"en\"><strong><a href=\"https:\/\/onlinelibrary.wiley.com\/toc\/14678292\/2023\/94\/3\" target=\"_blank\" rel=\"noopener\">Farmers\u2019 Organizations and Sustainable Development<\/a><\/strong>, <label>Edited by <\/label>Wanglin Ma<span class=\"comma-separator\">,\u00a0<\/span><span class=\"comma__item\" style=\"font-size: 16px;\">Marco A. Marini &amp;<span class=\"comma-separator\">\u00a0<\/span><\/span><span class=\"comma__item\" style=\"font-size: 16px;\">Dil B. Rahut<\/span><span class=\"comma__item\">, <span class=\"comma__item\" style=\"font-size: 16px;\"><span class=\"comma-separator\"><i>Annals of Public and Cooperative Economics,<\/i> <em>2023, <\/em><\/span><\/span><em>94, 3<\/em><\/span><\/p>\n<p><strong>2022<\/strong><\/p>\n<p><a href=\"https:\/\/onlinelibrary.wiley.com\/toc\/14678292\/2022\/93\/2\" target=\"_blank\" rel=\"noopener\"><strong>Issues and Challenges of Impact Measurement for the Social Economy<\/strong><\/a>\u00a0 edited by <span class=\"comma__item\">Marie J. Bouchard &amp; <\/span><span class=\"comma__item\">Damien Rousseli\u00e8re, <span class=\"comma__item\" style=\"font-size: 16px;\"><span class=\"comma-separator\"><i>Annals of Public and Cooperative Economics,<\/i> <em>2022, <\/em><\/span><\/span><em>93, 3<\/em><\/span><\/p>\n<p><strong>2021<\/strong><\/p>\n<p class=\"cover-image__title\"><a href=\"https:\/\/onlinelibrary.wiley.com\/toc\/14678292\/2021\/92\/1\" target=\"_blank\" rel=\"noopener\"><strong>The New Age of Commons: Innovation or Necessity?<\/strong><\/a> \/ edited by Philippe Bance &amp; J\u00e9r\u00f4me Schoenmaeckers, <span class=\"comma__item\" style=\"font-size: 16px;\"><span class=\"comma-separator\"><i>Annals of Public and Cooperative Economics, 2021, 92, 1<\/i><\/span><\/span><\/p>\n<p><a href=\"https:\/\/www.ciriec.uliege.be\/en\/publications\/etudesrapports\/mapping-international-sse-mapping-exercises-2021\/\" target=\"_blank\" rel=\"noopener\"><strong>Mapping International SSE Mapping Exercises<\/strong><\/a> \/ Coline Comp\u00e8re, Barbara Sak, J\u00e9r\u00f4me Schoenmaeckers, coord. UN Inter-Agency Task Force on Social and Solidarity Economy (UNTFSSE) &amp; United Nations Research Institute for Social Development (UNRISD)<\/p>\n<p><a href=\"https:\/\/www.ciriec.uliege.be\/en\/publications\/etudesrapports\/producing-statistics-on-social-and-solidarity-economy-policy-recommendations-and-directions-for-future-research-2021\/\" target=\"_blank\" rel=\"noopener\"><strong>Producing Statistics on Social and Solidarity Economy:\u00a0Policy Recommendations and Directions for Future Research<\/strong><\/a> \/\u00a0Rafael Chaves-Avila, coord. UN Inter-Agency Task Force on Social and Solidarity Economy (UNTFSSE) &amp; United Nations Research Institute for Social Development (UNRISD)<\/p>\n<p><a href=\"https:\/\/www.ciriec.uliege.be\/en\/publications\/etudesrapports\/producing-statistics-on-social-and-solidarity-economy-the-state-of-the-art-2021\/\" target=\"_blank\" rel=\"noopener\"><strong>Producing Statistics on Social and Solidarity Economy:\u00a0The State of the Art<\/strong> <\/a>\/ Marie J. Bouchard, Gabriel Salath\u00e9-Beaulieu, coord. UN Inter-Agency Task Force on Social and Solidarity Economy (UNTFSSE) &amp; United Nations Research Institute for Social Development (UNRISD)<\/p>\n<p><strong>2020<\/strong><\/p>\n<p><a href=\"https:\/\/www.ciriec.uliege.be\/en\/publications\/etudesrapports\/statistics-on-cooperatives-concepts-classification-work-and-economic-contribution-measurement-2020\/\" target=\"_blank\" rel=\"noopener\"><strong>Statistics on Cooperatives: Concepts, classification, work and economic contribution measurement<\/strong> <\/a>\/ International Labour Office (ILO); Committee for the\u00a0Promotion and Advancement of Cooperatives (COPAC); International Centre of Research and Information on the Public, Social and Cooperative Economy\u00a0(CIRIEC)<\/p>\n<p><a href=\"https:\/\/onlinelibrary.wiley.com\/toc\/14678292\/2020\/91\/3\" target=\"_blank\" rel=\"noopener\"><strong>Social Economy under Influence: Isomorphism or Innovation?<\/strong><\/a> \/ edited by Bretos Ignacio, Marie J. Bouchard &amp; Alberto Zevi,,<span class=\"comma__item\" style=\"font-size: 16px;\"><span class=\"comma-separator\">\u00a0<i>Annals of Public and Cooperative Economics, 2020, 91, 3<\/i><\/span><\/span><\/p>\n<p><strong>2019<\/strong><\/p>\n<p><a href=\"https:\/\/www.ciriec.uliege.be\/en\/publications\/ouvrages\/korean-edition-of-the-weight-of-the-social-economy-ed-peter-lang-2019\/\" target=\"_blank\" rel=\"noopener\"><strong>The Weight of the Social Economy<\/strong><\/a> \u2013 KOREAN EDITION (<em>The Weight of the Social Economy: An International Perspective (\u00a0CIRIEC, Bouchard Marie J., Rousseli\u00e8re Damien ; Ed. Peter Lang \u2013 2015)\u00a0was translated into Korean in 2019.<\/em><\/p>\n<p><strong>2018<\/strong><\/p>\n<p><a href=\"https:\/\/www.ciriec.uliege.be\/en\/publications\/etudesrapports\/les-bonnes-pratiques-en-matiere-de-politiques-publiques-relatives-a-leconomie-sociale-europeenne-a-la-suite-de-la-crise-economique-etude\/\" target=\"_blank\" rel=\"noopener\"><strong>Best practices in public policies regarding the European Social Economy post the economic crisis<\/strong><\/a><em> \/\u00a0<\/em>CIRIEC (Rafael CHAVES &amp; Jos\u00e9 Luis Monz\u00f3n) (for the Economic and Social Committee (EESC))<\/p>\n<p><a href=\"https:\/\/www.peterlang.com\/view\/title\/68076\" target=\"_blank\" rel=\"noopener\"><strong>Social and solidarity-based economy and territory: from embeddedness to-construction<\/strong><\/a><em> \/ Peter Lang,\u00a0<\/em>edited by CIRIEC, Xabier IT\u00c7AINA &amp; Nadine RICHEZ-BATTESTI<\/p>\n<p><a href=\"https:\/\/www.ciriec.uliege.be\/en\/publications\/ouvrages\/providing-public-goods-and-commons-towards-corpoduction-and-new-forms-of-governance-for-a-revival-of-public-action-philippe-bance-dir-2018\/\" target=\"_blank\" rel=\"noopener\"><strong>Providing public<\/strong> <strong>goods and commons. Towards coproduction and new forms of governance for a revival of public action<\/strong><\/a>\u00a0\/ edited by CIRIEC, Philippe Bance,<em>\u00a0<\/em>CIRIEC Studies Series 1<\/p>\n<p><strong><a href=\"https:\/\/onlinelibrary.wiley.com\/toc\/14678292\/2018\/89\/1\" target=\"_blank\" rel=\"noopener\">An Enduring Platform for Public and Cooperative Economics Research<\/a><\/strong> \/ edited by Marco MARINI &amp; Bernard THIRY, <em>Annals of Public and Cooperative Economics, 2018, 89, 1<\/em><\/p>\n<p><strong><u>2017<\/u><\/strong><\/p>\n<p><a href=\"https:\/\/www.ciriec.uliege.be\/en\/publications\/etudesrapports\/recent-evolutions-of-social-economy-study\/\" target=\"_blank\" rel=\"noopener\"><strong><u>Recent evolutions of the social economy in the European Union<\/u><\/strong><\/a><em>\u00a0\/\u00a0<\/em>CIRIEC (Rafael CHAVES &amp; Jos\u00e9 Luis MONZ\u00d3N) (for the European Economic and Social Committee (EESC)<\/p>\n<p><strong><a href=\"https:\/\/onlinelibrary.wiley.com\/toc\/14678292\/2017\/88\/2\" target=\"_blank\" rel=\"noopener\">Social Economy and Sustainable Development<\/a> <\/strong>\/ edited by Marek HUDON &amp; Benjamin HUYBRECHTS, <em>Annals of Public and Cooperative Economics, 2017, 88, 2<\/em><\/p>\n<p><b>2016<br \/>\n<\/b><a href=\"http:\/\/onlinelibrary.wiley.com\/doi\/10.1111\/apce.2016.87.issue-3\/issuetoc\"><b>Organization and Governance in Social Economy Enterprises<\/b><\/a> \/ edited by Michael Kopel, Marco A. Marini, <i>Annals of Public and Cooperative Economics, 2016, 87, 3<\/i><\/p>\n<p><b>2015<br \/>\n<\/b><a href=\"https:\/\/www.peterlang.com\/view\/product\/62041\"><b><i>The Weight of the Social Economy \u2013 An International Perspective on the Production of Statistics for the Social Economy<\/i><\/b><\/a><i>,<\/i> Peter Lang, CIRIEC, Marie Bouchard<\/p>\n<p><a href=\"http:\/\/onlinelibrary.wiley.com\/doi\/10.1111\/apce.2015.86.issue-2\/issuetoc\"><b>Some Current Issues and Challenges in the Social Economy<\/b><\/a> \/ edited by Fabienne Fecher, Beno\u00eet L\u00e9vesque,\u00a0Nathalie Vallet , <i>Annals of Public and Cooperative Economics, 2015, 86, 2<\/i><\/p>\n<p><b><a href=\"http:\/\/onlinelibrary.wiley.com\/doi\/10.1111\/apce.2015.86.issue-1\/issuetoc\">Governance of Non-Profit and Non-Governmental Organizations &#8211; Within\u2013 and Between- Organization<\/a>\u00a0<\/b><a href=\"http:\/\/onlinelibrary.wiley.com\/doi\/10.1111\/apce.2015.86.issue-1\/issuetoc\"><b>Analyses<\/b><\/a> \/ edited by Gani Aldashev, Marco Marini, Thierry Verdier, <i>Annals of Public and Cooperative Economics, 2015, 86, 1<\/i><\/p>\n<p><b><\/b><b>2013<br \/>\n<\/b><a href=\"https:\/\/www.peterlang.com\/view\/product\/61593\"><b>The Emergence of the Social Economy in Public Policy\u00a0: An international Analysis \/ L\u2019\u00e9mergence de l\u2019Economie sociale dans les politiques publiques\u00a0: une analyse internationale,<\/b><\/a> Peter Lang, CIRIEC, Rafael Chaves et Dani\u00e8le Demoustier<\/p>\n<p><b>2012<br \/>\n<\/b><b><i><a href=\"https:\/\/www.ciriec.uliege.be\/publications\/etudesrapports\/the-social-economy-in-the-european-union-2012\/\">The Social Economy in the European Union<\/a>,\u00a0<\/i><\/b>CIRIEC (Rafael Chaves &amp; Jos\u00e9 Luis Monzon) (for the European Economic and Social Committee (EESC)) (1st edition in 2006)<\/p>\n<p><b>2010<br \/>\n<\/b><a href=\"https:\/\/www.peterlang.com\/view\/product\/12012\"><b><i>The Worth of the Social Economy. An International Perspective on the Evaluation of the Social Economy<\/i><\/b><\/a>,\u00a0Peter Lang<b><i>, <\/i><\/b>CIRIEC (under the dir. of Marie\u00a0 J. Bouchard)<\/p>\n<p><b>2008<br \/>\n<\/b><a href=\"https:\/\/www.peterlang.com\/view\/product\/11833\"><b><i>Gouvernance et int\u00e9r\u00eat g\u00e9n\u00e9ral dans les services sociaux et de sant\u00e9<\/i><\/b><\/a>, Peter Lang, CIRIEC (sous la dir. de\u00a0Bernard Enjolras)<\/p>\n<p><b><i>The Situation of Social and Health Services of General Interest in the\u00a0 European Union, <\/i><\/b><a href=\"http:\/\/ec.europa.eu\/employment_social\/spsi\/docs\/social_protection\/2008\/study_social_health_services_en.pdf\">http:\/\/ec.europa.eu\/employment_social\/spsi\/docs\/social_protection\/2008\/study_social_health_services_en.pdf<\/a><\/p>\n<p><b>2006<\/b><br \/>\n<a href=\"https:\/\/www.ciriec.uliege.be\/publications\/etudesrapports\/manual-for-drawing-up-satellite-accounts-of-companies-in-the-social-economy-co-operatives-and-mutual-societies-2006\/\"><b><i>Manual for drawing up satellite accounts of companies in the social economy: co-operatives and mutual <\/i><\/b><\/a><b><i><a href=\"https:\/\/www.ciriec.uliege.be\/publications\/etudesrapports\/manual-for-drawing-up-satellite-accounts-of-companies-in-the-social-economy-co-operatives-and-mutual-societies-2006\/\">societies<\/a>,\u00a0<\/i><\/b>CIRIEC (Jos\u00e9 Barea &amp; Jos\u00e9 Luis Monzon) (for the European Commission &#8211; Enterprise and Industry Directorate\u2013General)<\/p>\n<p><b>2004<br \/>\n<\/b><a href=\"http:\/\/www.ciriec.uqam.ca\/pdf\/tables_matieres\/TDM-350102.pdf\"><b><i>Gouvernance et management en \u00e9conomie sociale<\/i><\/b><\/a> \/ Revue du CIRIEC Canada<br \/>\n<a href=\"http:\/\/onlinelibrary.wiley.com\/doi\/10.1111\/apce.2004.75.issue-1\/issuetoc\"><b><i>Governance and Management in the Social Economy<\/i><\/b><\/a> \/ Annals of public and cooperative economics<br \/>\n<a href=\"https:\/\/dialnet.unirioja.es\/revista\/2150\/A\/2004\"><b><i>Gobierno, democracia y directivos en las empresas<\/i><\/b><\/a> \/ Revue du CIRIEC Espagne<\/p>\n<p><b>2002<br \/>\n<\/b><b><i><a href=\"https:\/\/www.ciriec.uliege.be\/wp-content\/uploads\/2016\/03\/OUVRAGES-PUBLIES-AVANT-2003-EN.pdf\">Plural Economy and socio-economic regulation \/ Economie plurielle et r\u00e9gulation socio-\u00e9conomique<\/a>,\u00a0<\/i><\/b>CIRIEC (Enjolras B. &amp; von Bergmann-Winberg M.-L., Eds)<\/p>\n<p><b>2001<\/b><br \/>\n<b><i><a href=\"https:\/\/www.ciriec.uliege.be\/wp-content\/uploads\/2016\/03\/OUVRAGES-PUBLIES-AVANT-2003-EN.pdf\">Tackling Social Exclusion in Europe. The contribution of the social economy<\/a>,\u00a0<\/i><\/b>Spear R., Defourny J., Favreau L. &amp; Laville J.L., Eds Ashgate, Aldershot, isbn 0-7546-1383-6<\/p>\n<p><b><i><a href=\"https:\/\/www.ciriec.uliege.be\/wp-content\/uploads\/2016\/03\/OUVRAGES-PUBLIES-AVANT-2003-EN.pdf\">Les holdings coop\u00e9ratifs. Evolution ou transformation d\u00e9finitive\u00a0?<\/a>,\u00a0<\/i><\/b>C\u00f4t\u00e9 D. (sous la direction de), Editions De Boeck Universit\u00e9, Bruxelles, <i>Ouvertures Economiques<\/i>,\u00a0isbn 2-8041-3737-6<\/p>\n<p><b><i><a href=\"https:\/\/www.ciriec.uliege.be\/wp-content\/uploads\/2016\/03\/OUVRAGES-PUBLIES-AVANT-2003-EN.pdf\">Les services sociaux entre associations, Etat et march\u00e9. L&#8217;aide aux personnes \u00e2g\u00e9es<\/a>,\u00a0<\/i><\/b>Laville J.-L. &amp; Nyssens M. (sous la direction de), Editions La D\u00e9couverte, Paris, <i>Recherches<\/i>, isbn 2-7071-3579-8<\/p>\n<p><b>2000<\/b><br \/>\n<a href=\"https:\/\/www.ciriec.uliege.be\/wp-content\/uploads\/2016\/03\/OUVRAGES-PUBLIES-AVANT-2003-EN.pdf\"><b><i>Les entreprises et organisations du troisi\u00e8me syst\u00e8me. Un enjeu strat\u00e9gique pour l&#8217;emploi <\/i><\/b><\/a><b><i>\/ The enterprises and organizations of the third system. A strategic challenge for employment ,\u00a0<\/i><\/b>CIRIEC (avec le soutien de la Commission europ\u00e9enne \/ with the support of the European Commission)<\/p>\n","protected":false},"excerpt":{"rendered":"<p>Collective publications in social economy: 2025 La econom\u00eda social y solidaria en iberoam\u00e9rica: desaf\u00edos y oportunidades a partir de las resoluciones internacionales de la OIT, OCDE de y Naciones Unidas\u00a0\/ edited by OIBESCOOP and CIRIEC ; coord. Roberto di Meglio &amp; Carmen Marcuello 2024 Benchmarking the socio-economic performance of the EU social economy: Improving the&#8230; <\/p>\n<div class=\"clear\"><\/div>\n<p><a href=\"https:\/\/www.ciriec.uliege.be\/en\/publications\/collective-publications-in-social-economy-2\/\" class=\"gdlr-button with-border excerpt-read-more\">Read More<\/a><\/p>\n","protected":false},"author":6,"featured_media":4978,"parent":5547,"menu_order":171,"comment_status":"closed","ping_status":"closed","template":"","meta":[],"_links":{"self":[{"href":"https:\/\/www.ciriec.uliege.be\/en\/wp-json\/wp\/v2\/pages\/17290"}],"collection":[{"href":"https:\/\/www.ciriec.uliege.be\/en\/wp-json\/wp\/v2\/pages"}],"about":[{"href":"https:\/\/www.ciriec.uliege.be\/en\/wp-json\/wp\/v2\/types\/page"}],"author":[{"embeddable":true,"href":"https:\/\/www.ciriec.uliege.be\/en\/wp-json\/wp\/v2\/users\/6"}],"replies":[{"embeddable":true,"href":"https:\/\/www.ciriec.uliege.be\/en\/wp-json\/wp\/v2\/comments?post=17290"}],"version-history":[{"count":2,"href":"https:\/\/www.ciriec.uliege.be\/en\/wp-json\/wp\/v2\/pages\/17290\/revisions"}],"predecessor-version":[{"id":18860,"href":"https:\/\/www.ciriec.uliege.be\/en\/wp-json\/wp\/v2\/pages\/17290\/revisions\/18860"}],"up":[{"embeddable":true,"href":"https:\/\/www.ciriec.uliege.be\/en\/wp-json\/wp\/v2\/pages\/5547"}],"wp:featuredmedia":[{"embeddable":true,"href":"https:\/\/www.ciriec.uliege.be\/en\/wp-json\/wp\/v2\/media\/4978"}],"wp:attachment":[{"href":"https:\/\/www.ciriec.uliege.be\/en\/wp-json\/wp\/v2\/media?parent=17290"}],"curies":[{"name":"wp","href":"https:\/\/api.w.org\/{rel}","templated":true}]}}