{"id":16548,"date":"2023-06-16T17:09:24","date_gmt":"2023-06-16T15:09:24","guid":{"rendered":"https:\/\/www.ciriec.uliege.be\/?page_id=16548"},"modified":"2023-06-16T17:09:59","modified_gmt":"2023-06-16T15:09:59","slug":"economie-collective-et-territoires-3-eau-et-energie-hautes-tensions-territoriales","status":"publish","type":"page","link":"https:\/\/www.ciriec.uliege.be\/en\/our-network\/national-sections\/france\/publications\/economie-collective-et-territoires-3-eau-et-energie-hautes-tensions-territoriales\/","title":{"rendered":"ECONOMIE COLLECTIVE ET TERRITOIRES \/ 3 &#8211; Eau et \u00e9nergie : hautes tensions territoriales &#8211; 2023"},"content":{"rendered":"<h5 style=\"text-align: center;\"><strong>LES ETUDES DU CIRIEC-FRANCE<\/strong><\/h5>\n<h5 style=\"text-align: center;\"><strong>Economie collective et territoires<\/strong><\/h5>\n<p><img loading=\"lazy\" class=\"wp-image-16536 size-medium alignleft\" src=\"https:\/\/www.ciriec.uliege.be\/wp-content\/uploads\/2023\/06\/Etudes-CIRIEC-France-3_EauEnergie-211x300.png\" alt=\"\" width=\"211\" height=\"300\" srcset=\"https:\/\/www.ciriec.uliege.be\/wp-content\/uploads\/2023\/06\/Etudes-CIRIEC-France-3_EauEnergie-211x300.png 211w, https:\/\/www.ciriec.uliege.be\/wp-content\/uploads\/2023\/06\/Etudes-CIRIEC-France-3_EauEnergie.png 452w\" sizes=\"(max-width: 211px) 100vw, 211px\" \/><\/p>\n<h5><strong>Th\u00e8me 3 &#8211; Eau et \u00e9nergie : hautes tensions territoriales<\/strong><\/h5>\n<p>&#8211; L\u2019eau et l\u2019\u00e9nergie \u00e0 la crois\u00e9e des territoires \/ Pierre Bauby<br \/>\n&#8211; L\u2019eau et l\u2019\u00e9nergie dans le territoire grenoblois \/ Am\u00e9lie Artis, Pierre Bauby<br \/>\n&#8211; L\u2019initiative de Nouvelle \u00c9conomie Sociale d\u2019Enercoop : la force de rappel territoriale en question \/ Remi Maitre<br \/>\n&#8211; Restituer la trajectoire historique de l\u2019alimentation en eau des Grenoblois : une valse \u00e0 trois temps avec l\u2019industrie \/ Antoine Brochet<br \/>\n&#8211; Vers une gestion territoriale de l\u2019eau ? \/ Bernard Pecqueur<\/p>\n<p><strong>T\u00e9l\u00e9charger l&#8217;\u00e9tude <a href=\"https:\/\/www.ciriec.uliege.be\/wp-content\/uploads\/2023\/06\/CIRIEC-France-Etude_3_Eau_et_Energie_version_numerique.pdf\" target=\"_blank\" rel=\"noopener\">ICI<\/a><\/strong><\/p>\n","protected":false},"excerpt":{"rendered":"<p>LES ETUDES DU CIRIEC-FRANCE Economie collective et territoires Th\u00e8me 3 &#8211; Eau et \u00e9nergie : hautes tensions territoriales &#8211; L\u2019eau et l\u2019\u00e9nergie \u00e0 la crois\u00e9e des territoires \/ Pierre Bauby &#8211; L\u2019eau et l\u2019\u00e9nergie dans le territoire grenoblois \/ Am\u00e9lie Artis, Pierre Bauby &#8211; L\u2019initiative de Nouvelle \u00c9conomie Sociale d\u2019Enercoop : la force de rappel&#8230; <\/p>\n<div class=\"clear\"><\/div>\n<p><a href=\"https:\/\/www.ciriec.uliege.be\/en\/our-network\/national-sections\/france\/publications\/economie-collective-et-territoires-3-eau-et-energie-hautes-tensions-territoriales\/\" class=\"gdlr-button with-border excerpt-read-more\">Read More<\/a><\/p>\n","protected":false},"author":6,"featured_media":16537,"parent":6346,"menu_order":25,"comment_status":"closed","ping_status":"closed","template":"","meta":[],"_links":{"self":[{"href":"https:\/\/www.ciriec.uliege.be\/en\/wp-json\/wp\/v2\/pages\/16548"}],"collection":[{"href":"https:\/\/www.ciriec.uliege.be\/en\/wp-json\/wp\/v2\/pages"}],"about":[{"href":"https:\/\/www.ciriec.uliege.be\/en\/wp-json\/wp\/v2\/types\/page"}],"author":[{"embeddable":true,"href":"https:\/\/www.ciriec.uliege.be\/en\/wp-json\/wp\/v2\/users\/6"}],"replies":[{"embeddable":true,"href":"https:\/\/www.ciriec.uliege.be\/en\/wp-json\/wp\/v2\/comments?post=16548"}],"version-history":[{"count":3,"href":"https:\/\/www.ciriec.uliege.be\/en\/wp-json\/wp\/v2\/pages\/16548\/revisions"}],"predecessor-version":[{"id":16552,"href":"https:\/\/www.ciriec.uliege.be\/en\/wp-json\/wp\/v2\/pages\/16548\/revisions\/16552"}],"up":[{"embeddable":true,"href":"https:\/\/www.ciriec.uliege.be\/en\/wp-json\/wp\/v2\/pages\/6346"}],"wp:featuredmedia":[{"embeddable":true,"href":"https:\/\/www.ciriec.uliege.be\/en\/wp-json\/wp\/v2\/media\/16537"}],"wp:attachment":[{"href":"https:\/\/www.ciriec.uliege.be\/en\/wp-json\/wp\/v2\/media?parent=16548"}],"curies":[{"name":"wp","href":"https:\/\/api.w.org\/{rel}","templated":true}]}}